{"id":2225,"date":"2023-12-06T15:31:37","date_gmt":"2023-12-06T14:31:37","guid":{"rendered":"https:\/\/www.grandhotelmoriaz.com\/animationen-und-aktivitaten\/"},"modified":"2025-07-31T10:09:15","modified_gmt":"2025-07-31T08:09:15","slug":"animationen-und-aktivitaten","status":"publish","type":"page","link":"https:\/\/www.grandhotelmoriaz.com\/de\/animationen-und-aktivitaten\/","title":{"rendered":". Activit\u00e9s DE"},"content":{"rendered":"\n<div class=\"wp-block-columns m-100-b\">\n<div class=\"wp-block-column\">\n<h1 class=\"boxage_medium\" id=\"activites-pres-de-notre-hotel-lavandou-et-plage-a-cavaliere\">Unterhaltung und touristische Aktivit\u00e4ten in Lavandou, an der franz\u00f6sischen Riviera<\/h1>\n\n\n\n<div class=\"wp-container-69dfd93258cbc wp-block-group\"><div class=\"wp-block-group__inner-container\">\n<p>Le Lavandou bietet das ganze Jahr \u00fcber zahlreiche Animationen und touristische Aktivit\u00e4ten, die Gro\u00df und Klein begeistern werden. <strong>Zwischen Land und Meer<\/strong> ist Le Lavandou ein h\u00fcbscher Badeort mit einzigartigem Charme in einer authentischen Atmosph\u00e4re im Departement Var.  <\/p>\n\n\n\n<p>In unserem <a href=\"https:\/\/www.grandhotelmoriaz.com\/de\/hotel-lavandou\/\" data-type=\"page\" data-id=\"2571\">Hotel in Le Lavandou<\/a> stehen Ihnen <strong>zahlreiche Aktivit\u00e4ten<\/strong> offen: Schwimmen an den 12 Str\u00e4nden von Le Lavandou, Wandern auf dem K\u00fcstenpfad, Boulespielen und seine herzliche Atmosph\u00e4re. Nutzen Sie das Erwachen der Sinne auf dem lokalen Markt, um lokale Produkte zu entdecken und sich mit den Erzeugern auszutauschen. Genie\u00dfen Sie in unserem Restaurant mit <strong>Meerblick <\/strong>provenzalische Spezialit\u00e4ten und die K\u00fcche der Sonne.  <\/p>\n\n\n\n<p>Bleiben Sie in Le Lavandou und genie\u00dfen Sie ein <a href=\"https:\/\/www.grandhotelmoriaz.com\/de\/zimmer\/\" data-type=\"page\" data-id=\"443\">Zimmer<\/a> mit Meerblick, ideal f\u00fcr einen Familienurlaub mit <a href=\"https:\/\/www.grandhotelmoriaz.com\/de\/restaurant\/\" data-type=\"page\" data-id=\"447\">Restaurant <\/a>und reserviertem Strand in unserem Hotel Cavali\u00e8re.<\/p>\n<\/div><\/div>\n<\/div>\n\n\n\n<div class=\"wp-block-column\">\n<div class=\"wp-block-cover\" style=\"min-height:200px\"><span aria-hidden=\"true\" class=\"has-background-dim-0 wp-block-cover__gradient-background has-background-dim\"><\/span><img width=\"1000\" height=\"1778\" class=\"wp-block-cover__image-background wp-image-865\" alt=\"\" src=\"https:\/\/www.grandhotelmoriaz.com\/wp-content\/uploads\/2022\/01\/jetski.jpg\" data-object-fit=\"cover\" srcset=\"https:\/\/www.grandhotelmoriaz.com\/wp-content\/uploads\/2022\/01\/jetski.jpg 1000w, https:\/\/www.grandhotelmoriaz.com\/wp-content\/uploads\/2022\/01\/jetski-169x300.jpg 169w, https:\/\/www.grandhotelmoriaz.com\/wp-content\/uploads\/2022\/01\/jetski-576x1024.jpg 576w, https:\/\/www.grandhotelmoriaz.com\/wp-content\/uploads\/2022\/01\/jetski-768x1366.jpg 768w, https:\/\/www.grandhotelmoriaz.com\/wp-content\/uploads\/2022\/01\/jetski-864x1536.jpg 864w\" sizes=\"(max-width: 1000px) 100vw, 1000px\" \/><div class=\"wp-block-cover__inner-container\">\n<p class=\"has-text-align-center has-large-font-size\"><\/p>\n<\/div><\/div>\n\n\n\n<p class=\"has-text-align-center has-principale-color has-text-color\">Zahlreiche Wassersportaktivit\u00e4ten am Strand von Cavali\u00e8re<\/p>\n<\/div>\n<\/div>\n\n\n\n<div style=\"height:90px\" aria-hidden=\"true\" class=\"wp-block-spacer\"><\/div>\n\n\n\n<div class=\"wp-block-columns m-70-a\">\n<div class=\"wp-block-column\" style=\"flex-basis:25%\">\n<figure class=\"wp-block-image size-large\"><img width=\"966\" height=\"1024\" src=\"https:\/\/www.grandhotelmoriaz.com\/wp-content\/uploads\/2022\/01\/2018.08.petanque-au-lavandou-la-3-e1543833682163-966x1024.jpg\" alt=\"Grand H\u00f4tel Moriaz: 2018.08.petanque Au Lavandou La 3 E1543833682163\" class=\"wp-image-853\" srcset=\"https:\/\/www.grandhotelmoriaz.com\/wp-content\/uploads\/2022\/01\/2018.08.petanque-au-lavandou-la-3-e1543833682163-966x1024.jpg 966w, https:\/\/www.grandhotelmoriaz.com\/wp-content\/uploads\/2022\/01\/2018.08.petanque-au-lavandou-la-3-e1543833682163-283x300.jpg 283w, https:\/\/www.grandhotelmoriaz.com\/wp-content\/uploads\/2022\/01\/2018.08.petanque-au-lavandou-la-3-e1543833682163-768x814.jpg 768w, https:\/\/www.grandhotelmoriaz.com\/wp-content\/uploads\/2022\/01\/2018.08.petanque-au-lavandou-la-3-e1543833682163.jpg 1290w\" sizes=\"(max-width: 966px) 100vw, 966px\" \/><\/figure>\n\n\n\n<p>Bouleplatz, Boulekugeln zur Verf\u00fcgung<\/p>\n<\/div>\n\n\n\n<div class=\"wp-block-column\" style=\"flex-basis:15%\">\n<figure class=\"wp-block-image size-full\"><img width=\"465\" height=\"501\" src=\"https:\/\/www.grandhotelmoriaz.com\/wp-content\/uploads\/2022\/01\/Rectangle-13.jpg\" alt=\"\" class=\"wp-image-306\" srcset=\"https:\/\/www.grandhotelmoriaz.com\/wp-content\/uploads\/2022\/01\/Rectangle-13.jpg 465w, https:\/\/www.grandhotelmoriaz.com\/wp-content\/uploads\/2022\/01\/Rectangle-13-278x300.jpg 278w\" sizes=\"(max-width: 465px) 100vw, 465px\" \/><\/figure>\n\n\n\n<p>Wassersportaktivit\u00e4ten am Strand von Cavali\u00e8re<\/p>\n<\/div>\n\n\n\n<div class=\"wp-block-column\" style=\"flex-basis:34%\">\n<div class=\"wp-container-69dfd932591e7 wp-block-group\"><div class=\"wp-block-group__inner-container\">\n<h2 class=\"has-text-align-left\" id=\"aktivitat-in-der-natur-in-le-lavandou-in-der-nahe-des-hotels\">Aktivit\u00e4t in der Natur in Le Lavandou in der N\u00e4he des Hotels<\/h2>\n\n\n\n<p class=\"has-text-align-left\"><strong>Le Lavandou <\/strong>bietet einen idyllischen Rahmen, um das Mittelmeer in vollen Z\u00fcgen zu genie\u00dfen. Ob Sie nun Entspannung, Nervenkitzel oder Entdeckungen lieben, dieses Reiseziel bietet Ihnen eine breite Palette an Aktivit\u00e4ten f\u00fcr jeden Geschmack.<\/p>\n\n\n\n<ul><li><a href=\"https:\/\/www.grandhotelmoriaz.com\/de\/alentours\/jetski-lavandou\/\" data-type=\"URL\" data-id=\"https:\/\/www.grandhotelmoriaz.com\/de\/alentours\/jetski-lavandou\/\" target=\"_blank\" rel=\"noreferrer noopener\"><strong>Jet Ski<\/strong> <\/a>(mit oder ohne Bootsf\u00fchrerschein)<\/li><li><strong>Parasailing<\/strong>: Erleben Sie ein einzigartiges Erlebnis, wenn Sie \u00fcber die K\u00fcste fliegen.<\/li><li><strong>Paddeln<\/strong>: Entspannen Sie sich, w\u00e4hrend Sie das Mittelmeer erkunden.<\/li><li><strong>Tauchen<\/strong>: Erforschen Sie den Meeresgrund und entdecken Sie die lokale Tierwelt.<\/li><li><strong>Segelschule<\/strong>: F\u00fchren Sie das <strong>Segeln<\/strong> ein oder perfektionieren Sie es.<\/li><li><strong>Wanderungen<\/strong> auf dem <strong>K\u00fcstenweg<\/strong>: Genie\u00dfen Sie die Panoramablicke entlang der K\u00fcste.<\/li><li><strong>Wanderungen in den H\u00fcgeln der Mauren<\/strong>: Erkunden Sie nat\u00fcrliche und unber\u00fchrte Landschaften.<\/li><li><strong>Fahrradtouren<\/strong>: Entdecken Sie die Region in Ihrem eigenen Tempo, indem Sie durch zauberhafte Landschaften radeln.<\/li><\/ul>\n<\/div><\/div>\n<\/div>\n<\/div>\n\n\n\n<div style=\"height:80px\" aria-hidden=\"true\" class=\"wp-block-spacer\"><\/div>\n\n\n\n<div class=\"wp-block-columns boxage section-pictos\">\n<div class=\"wp-block-column\" style=\"flex-basis:30%\">\n<div class=\"wp-container-69dfd932595b8 wp-block-group boxage\"><div class=\"wp-block-group__inner-container\">\n<h2 class=\"has-text-align-left\" id=\"kulturelle-ausfluge-rund-um-le-lavandou\">Kulturelle Ausfl\u00fcge rund um Le Lavandou<\/h2>\n\n\n\n<ul><li>G\u00f6nnen Sie sich an einem regnerischen Tag einen <strong>Kinobesuch in Le Lavandou.<\/strong><\/li><li><strong>Provenzalischer Markt in <a href=\"https:\/\/www.grandhotelmoriaz.com\/de\/alentours\/cavaliere-le-lavandou\/\" target=\"_blank\" rel=\"noreferrer noopener\">Cavali\u00e8re<\/a><\/strong>, jeden Montagmorgen, Bio-Markt &amp; Ausverkauf der H\u00e4ndler.<\/li><li><strong>Historische Kapellen<\/strong>: Erkunden Sie anhand dieser alten Geb\u00e4ude das lokale religi\u00f6se Erbe.<\/li><li><strong>Villa Th\u00e9o<\/strong>: Ehemaliges Atelier des Malers Th\u00e9o Van Rysselberghe, heute ein Ort f\u00fcr Kunstausstellungen.<\/li><li><strong>Festivals und Veranstaltungen<\/strong>: In Le Lavandou finden das ganze Jahr \u00fcber Festivit\u00e4ten statt, bei denen die Kunst, die provenzalische Kultur und die lokalen Traditionen gefeiert werden.<\/li><\/ul>\n<\/div><\/div>\n<\/div>\n\n\n\n<div class=\"wp-block-column photo-highlight\" style=\"flex-basis:30%\">\n<div class=\"wp-block-image\"><figure class=\"aligncenter size-large\"><img width=\"682\" height=\"1024\" src=\"https:\/\/www.grandhotelmoriaz.com\/wp-content\/uploads\/2022\/09\/france-4556565_1280-682x1024.jpg\" alt=\"Markt in Le Lavandou, Var\" class=\"wp-image-1594\" srcset=\"https:\/\/www.grandhotelmoriaz.com\/wp-content\/uploads\/2022\/09\/france-4556565_1280-682x1024.jpg 682w, https:\/\/www.grandhotelmoriaz.com\/wp-content\/uploads\/2022\/09\/france-4556565_1280-200x300.jpg 200w, https:\/\/www.grandhotelmoriaz.com\/wp-content\/uploads\/2022\/09\/france-4556565_1280-768x1152.jpg 768w, https:\/\/www.grandhotelmoriaz.com\/wp-content\/uploads\/2022\/09\/france-4556565_1280.jpg 853w\" sizes=\"(max-width: 682px) 100vw, 682px\" \/><\/figure><\/div>\n\n\n\n<p>Aktivit\u00e4ten f\u00fcr alle in Le Lavandou<\/p>\n<\/div>\n\n\n\n<div class=\"wp-block-column is-vertically-aligned-center\" style=\"flex-basis:40%\">\n<div class=\"wp-container-69dfd93259961 wp-block-group boxage\"><div class=\"wp-block-group__inner-container\">\n<h2 id=\"entdeckung-der-natur-wanderungen\">Entdeckung der Natur &amp; Wanderungen<\/h2>\n\n\n\n<ul><li>Die <strong><a href=\"https:\/\/www.grandhotelmoriaz.com\/de\/alentours\/museum-in-lavandou-villa-theo\/\">Villa Theo<\/a> <\/strong>Kunstzentrum und ehemaliges Wohnhaus des neoimpressionistischen Malers Theo Van Rysselberghe<\/li><li>Besuchen Sie die <strong>Goldenen Inseln<\/strong>: Ile du Levant, Ile de Port-Cros und Ile de Porquerolles<\/li><li><strong>Der Unterwasserpfad<\/strong> von Port-Cros f\u00fcr Tauchbegeisterte oder die Buchten von Le Lavandou beim Schnorcheln im kristallklaren Wasser.<\/li><li>Besuchen Sie <strong>die Restanques de Saint-Clair<\/strong>, typische Trockensteinmauern in Le Lavandou.<\/li><li>Die 1855 erbaute<strong>Kirche Saint-Louis<\/strong>, die sich durch ihre Schlichtheit und Modernit\u00e4t auszeichnet<\/li><li><strong><a href=\"https:\/\/www.routedesvinsdeprovence.com\/en\/vineyards\/domaine-de-l-anglade\/\" target=\"_blank\" rel=\"noreferrer noopener\">Domaine de l&#8217;Anglade<\/a><\/strong> f\u00fcr Liebhaber von Wei\u00df-, Rot- und Ros\u00e9wein. Das Anwesen liegt am Meer, umgeben von Pinienw\u00e4ldern und dem Strand von L&#8217;Anglade.<\/li><li><strong><a href=\"https:\/\/www.grandhotelmoriaz.com\/de\/alentours\/bormes-les-mimosas-altstadt\/\" target=\"_blank\" rel=\"noreferrer noopener\">Bormes-les-Mimosas<\/a><\/strong>, ein hoch gelegenes mittelalterliches Dorf<\/li><\/ul>\n<\/div><\/div>\n<\/div>\n<\/div>\n\n\n\n<div style=\"height:120px\" aria-hidden=\"true\" class=\"wp-block-spacer\"><\/div>\n\n\n\n<div class=\"wp-block-columns m-90-a\">\n<div class=\"wp-block-column\" style=\"flex-basis:66.66%\">\n<div class=\"wp-container-69dfd93259d59 wp-block-group boxage_medium\"><div class=\"wp-block-group__inner-container\">\n<h2 id=\"a-la-rencontre-des-dauphins-a-proximite-de-notre-hotel-lavandou\">Auf Tuchf\u00fchlung mit Delfinen in der N\u00e4he unseres Hotels Lavandou<\/h2>\n\n\n\n<p>Vor der K\u00fcste unseres Hotels Lavandou im Departement Var k\u00f6nnen Sie bei einer Bootsfahrt vielleicht <strong> <a rel=\"noreferrer noopener\" href=\"https:\/\/www.ot-lelavandou.fr\/le-lavandou\/vivez-le-lavandou\/a-la-rencontre-des-dauphins\/\" target=\"_blank\">Delfine<\/a> sehen<\/strong>. Le Lavandou geh\u00f6rt zum<strong> Pelagos-Schutzgebiet<\/strong>. In diesem Meeresgebiet zwischen Italien, Monaco und Frankreich sind die Meeress\u00e4ugetiere, die sich dort aufhalten, gesch\u00fctzt. Vielleicht haben Sie das Gl\u00fcck, auf Ihrem naturkundlichen Ausflug einen Wal oder eine Gruppe von Delfinen zu sehen, wenn Sie sich von der K\u00fcste weg zu den Inseln <strong><a href=\"https:\/\/www.grandhotelmoriaz.com\/de\/alentours\/port-cros\/\" target=\"_blank\" rel=\"noreferrer noopener\">Port Cros<\/a> <\/strong>und Porquerolles begeben.<\/p>\n\n\n\n<div style=\"height:40px\" aria-hidden=\"true\" class=\"wp-block-spacer\"><\/div>\n\n\n\n<h2 id=\"les-pescadous-du-lavandou\">Die Pescadous von Le Lavandou<\/h2>\n\n\n\n<p>Entdecken Sie die Pescadous, seine <strong>traditionellen Fischerboote<\/strong> &#8220;les pointus&#8221;, die am Morgen von ihrem Fang zur\u00fcckkehren. Treffen Sie sich in den Markthallen in der N\u00e4he des Fischerkais und des Schlosses von Le <strong>Lavandou<\/strong>, um die St\u00e4nde und die gro\u00dfe Vielfalt an lokalen Fischsorten zu entdecken und mit den Fischern ins Gespr\u00e4ch zu kommen.  <\/p>\n<\/div><\/div>\n<\/div>\n\n\n\n<div class=\"wp-block-column\" style=\"flex-basis:33.33%\">\n<div class=\"wp-container-69dfd9325a111 wp-block-group\"><div class=\"wp-block-group__inner-container\">\n<p class=\"legende\">Aktivit\u00e4ten<br>in Le Lavandou<\/p>\n\n\n\n<figure class=\"wp-block-image size-large\"><img width=\"768\" height=\"1024\" src=\"https:\/\/www.grandhotelmoriaz.com\/wp-content\/uploads\/2022\/09\/pexels-jonas-von-werne-3354346-768x1024.jpg\" alt=\"Delfintreffen Lavandou\" class=\"wp-image-1631\" srcset=\"https:\/\/www.grandhotelmoriaz.com\/wp-content\/uploads\/2022\/09\/pexels-jonas-von-werne-3354346-768x1024.jpg 768w, https:\/\/www.grandhotelmoriaz.com\/wp-content\/uploads\/2022\/09\/pexels-jonas-von-werne-3354346-225x300.jpg 225w, https:\/\/www.grandhotelmoriaz.com\/wp-content\/uploads\/2022\/09\/pexels-jonas-von-werne-3354346-1152x1536.jpg 1152w, https:\/\/www.grandhotelmoriaz.com\/wp-content\/uploads\/2022\/09\/pexels-jonas-von-werne-3354346-1536x2048.jpg 1536w, https:\/\/www.grandhotelmoriaz.com\/wp-content\/uploads\/2022\/09\/pexels-jonas-von-werne-3354346-scaled.jpg 1920w\" sizes=\"(max-width: 768px) 100vw, 768px\" \/><\/figure>\n<\/div><\/div>\n<\/div>\n<\/div>\n","protected":false},"excerpt":{"rendered":"<p>Unterhaltung und touristische Aktivit\u00e4ten in Lavandou, an der franz\u00f6sischen Riviera Le Lavandou bietet das ganze Jahr \u00fcber zahlreiche Animationen und touristische Aktivit\u00e4ten, die Gro\u00df und Klein begeistern werden. Zwischen Land und Meer ist Le Lavandou ein h\u00fcbscher Badeort mit einzigartigem Charme in einer authentischen Atmosph\u00e4re im Departement Var. In unserem Hotel in Le Lavandou stehen [&hellip;]<\/p>\n","protected":false},"author":1,"featured_media":2181,"parent":0,"menu_order":0,"comment_status":"closed","ping_status":"closed","template":"","meta":[],"acf":[],"_links":{"self":[{"href":"https:\/\/www.grandhotelmoriaz.com\/de\/wp-json\/wp\/v2\/pages\/2225"}],"collection":[{"href":"https:\/\/www.grandhotelmoriaz.com\/de\/wp-json\/wp\/v2\/pages"}],"about":[{"href":"https:\/\/www.grandhotelmoriaz.com\/de\/wp-json\/wp\/v2\/types\/page"}],"author":[{"embeddable":true,"href":"https:\/\/www.grandhotelmoriaz.com\/de\/wp-json\/wp\/v2\/users\/1"}],"replies":[{"embeddable":true,"href":"https:\/\/www.grandhotelmoriaz.com\/de\/wp-json\/wp\/v2\/comments?post=2225"}],"version-history":[{"count":7,"href":"https:\/\/www.grandhotelmoriaz.com\/de\/wp-json\/wp\/v2\/pages\/2225\/revisions"}],"predecessor-version":[{"id":4086,"href":"https:\/\/www.grandhotelmoriaz.com\/de\/wp-json\/wp\/v2\/pages\/2225\/revisions\/4086"}],"wp:featuredmedia":[{"embeddable":true,"href":"https:\/\/www.grandhotelmoriaz.com\/de\/wp-json\/wp\/v2\/media\/2181"}],"wp:attachment":[{"href":"https:\/\/www.grandhotelmoriaz.com\/de\/wp-json\/wp\/v2\/media?parent=2225"}],"curies":[{"name":"wp","href":"https:\/\/api.w.org\/{rel}","templated":true}]}}