{"id":2231,"date":"2023-12-06T15:33:00","date_gmt":"2023-12-06T14:33:00","guid":{"rendered":"https:\/\/www.grandhotelmoriaz.com\/zimmer\/"},"modified":"2025-03-27T10:03:32","modified_gmt":"2025-03-27T09:03:32","slug":"zimmer-lavandou-frankreich","status":"publish","type":"page","link":"https:\/\/www.grandhotelmoriaz.com\/de\/zimmer-lavandou-frankreich\/","title":{"rendered":". Chambre DE"},"content":{"rendered":"\n<div class=\"wp-block-columns m-100-b\">\n<div class=\"wp-block-column\">\n<h1 class=\"boxage_medium\" id=\"die-zimmer-in-unserem-hotel-in-le-lavandou-an-der-cote-d-azur\">Die Zimmer in unserem Hotel in Le Lavandou an der C\u00f4te d&#8217;Azur<\/h1>\n\n\n\n<div class=\"wp-container-69f9c6f3616a5 wp-block-group\"><div class=\"wp-block-group__inner-container\">\n<p>In den<strong>&nbsp;Zimmern unseres <\/strong><a href=\"https:\/\/www.grandhotelmoriaz.com\/de\/hotel-lavandou\/\" data-type=\"page\" data-id=\"2571\">Hotels Le Lavandou<\/a>&nbsp;mit Meerblick k\u00f6nnen Sie einen au\u00dfergew\u00f6hnlichen Blick auf das&nbsp;<strong>Mittelmeer<\/strong> genie\u00dfen, der Ihnen jeden Morgen zur Freude Ihrer Augen und zur Erholung Ihres Geistes geboten wird.<\/p>\n\n\n\n<div style=\"height:34px\" aria-hidden=\"true\" class=\"wp-block-spacer\"><\/div>\n\n\n\n<h2 id=\"buchen-sie-ein-hotelzimmer-in-le-lavandou-mit-meerblick-an-der-cote-d-azur\">Buchen Sie ein Hotelzimmer in Le Lavandou mit Meerblick an der C\u00f4te d&#8217;Azur<\/h2>\n\n\n\n<p>Unser Haus bietet Ihnen Zimmer mit einem bemerkenswerten Blick auf die Bucht von Cavali\u00e8re. Das Team des Grand H\u00f4tel Moriaz bietet Ihnen einen sanften Hauch von Entspannung f\u00fcr einen unvergesslichen Aufenthalt nur wenige Meter vom Mittelmeer entfernt.<\/p>\n\n\n\n<p>Profitieren Sie von der idealen Lage unseres\u00a0<strong>Hotels in Le Lavandou,<\/strong>\u00a0an der\u00a0<strong>C\u00f4te d&#8217;Azur<\/strong>, direkt am Meer, zwischen Le Lavandou und <a href=\"https:\/\/www.grandhotelmoriaz.com\/de\/bormes-les-mimosas-hotels\/\" data-type=\"page\" data-id=\"2832\">Bormes les Mimosas<\/a>. Genie\u00dfen Sie unser\u00a0<strong>Hotel in S\u00fcdfrankreich<\/strong> mit\u00a0<a href=\"https:\/\/www.grandhotelmoriaz.com\/de\/restaurant\/\" data-type=\"page\" data-id=\"2239\">Restaurant <\/a>und\u00a0Jacuzzi\u00a0mit Meerblick.<\/p>\n\n\n\n<p>Lassen Sie sich von der einzigartigen Atmosph\u00e4re unseres Hotels verzaubern, wo Komfort und Gastfreundschaft aufeinandertreffen. Unsere Zimmer sind mit viel Liebe zum Detail eingerichtet und bieten eine harmonische Mischung aus Eleganz und mediterranem Flair.<\/p>\n\n\n\n<p>F\u00fcr Ihren optimalen Komfort verf\u00fcgen unsere Zimmer \u00fcber hochwertige Betten, eine Klimaanlage sowie kostenloses WLAN. Einige Zimmer bieten zudem einen privaten Balkon oder eine Terrasse, auf der Sie den Sonnenuntergang \u00fcber der Bucht von Cavali\u00e8re in vollen Z\u00fcgen genie\u00dfen k\u00f6nnen.<\/p>\n\n\n\n<p>Starten Sie den Tag mit einem reichhaltigen Fr\u00fchst\u00fcck auf unserer Terrasse mit Meerblick und lassen Sie sich von den Aromen der Provence verw\u00f6hnen. Unser aufmerksames Team steht Ihnen jederzeit zur Verf\u00fcgung, um Ihren Aufenthalt so angenehm wie m\u00f6glich zu gestalten.<\/p>\n<\/div><\/div>\n<\/div>\n\n\n\n<div class=\"wp-block-column\">\n<div class=\"wp-block-cover is-light\" style=\"min-height:200px\"><span aria-hidden=\"true\" class=\"has-background-dim-0 wp-block-cover__gradient-background has-background-dim\"><\/span><img width=\"1024\" height=\"768\" class=\"wp-block-cover__image-background wp-image-885\" alt=\"\" src=\"https:\/\/www.grandhotelmoriaz.com\/wp-content\/uploads\/2022\/01\/270656726.jpg\" data-object-fit=\"cover\" srcset=\"https:\/\/www.grandhotelmoriaz.com\/wp-content\/uploads\/2022\/01\/270656726.jpg 1024w, https:\/\/www.grandhotelmoriaz.com\/wp-content\/uploads\/2022\/01\/270656726-300x225.jpg 300w, https:\/\/www.grandhotelmoriaz.com\/wp-content\/uploads\/2022\/01\/270656726-768x576.jpg 768w\" sizes=\"(max-width: 1024px) 100vw, 1024px\" \/><div class=\"wp-block-cover__inner-container\">\n<p class=\"has-text-align-center has-large-font-size\"><\/p>\n<\/div><\/div>\n<\/div>\n<\/div>\n\n\n\n<div style=\"height:100px\" aria-hidden=\"true\" class=\"wp-block-spacer\"><\/div>\n\n\n\n<article class=\"wp-container-69f9c6f361fb8 wp-block-group boxage_medium m-50-a\"><div class=\"wp-block-group__inner-container\">\n<div class=\"wp-block-columns\">\n<div class=\"wp-block-column\" style=\"flex-basis:65%\">\n<p class=\"servicesBtn\">Die Zimmer des hotel restaurant Le Lavandou, bietet einen Blick auf das Meer<\/p>\n\n\n\n<figure class=\"wp-block-gallery has-nested-images columns-default is-cropped carrousel-locatif\">\n<figure class=\"wp-block-image size-large\"><img width=\"700\" height=\"450\" src=\"https:\/\/www.grandhotelmoriaz.com\/wp-content\/uploads\/2022\/01\/chambre-vue-sur-mer-moriaz3-700x450-1.jpg\" alt=\"Grand H\u00f4tel Moriaz: Zimmer Meerblick Moriaz3 700x450\" class=\"wp-image-815\" srcset=\"https:\/\/www.grandhotelmoriaz.com\/wp-content\/uploads\/2022\/01\/chambre-vue-sur-mer-moriaz3-700x450-1.jpg 700w, https:\/\/www.grandhotelmoriaz.com\/wp-content\/uploads\/2022\/01\/chambre-vue-sur-mer-moriaz3-700x450-1-300x193.jpg 300w\" sizes=\"(max-width: 700px) 100vw, 700px\" \/><\/figure>\n\n\n\n<figure class=\"wp-block-image size-large\"><img width=\"700\" height=\"450\" src=\"https:\/\/www.grandhotelmoriaz.com\/wp-content\/uploads\/2022\/01\/chambre-vue-sur-mer-moriaz2-700x450-1.jpg\" alt=\"Grand H\u00f4tel Moriaz: Zimmer Meerblick Moriaz2 700x450\" class=\"wp-image-813\" srcset=\"https:\/\/www.grandhotelmoriaz.com\/wp-content\/uploads\/2022\/01\/chambre-vue-sur-mer-moriaz2-700x450-1.jpg 700w, https:\/\/www.grandhotelmoriaz.com\/wp-content\/uploads\/2022\/01\/chambre-vue-sur-mer-moriaz2-700x450-1-300x193.jpg 300w\" sizes=\"(max-width: 700px) 100vw, 700px\" \/><\/figure>\n<\/figure>\n<\/div>\n\n\n\n<div class=\"wp-block-column is-vertically-aligned-center\" style=\"flex-basis:35%\">\n<h2 id=\"hotel-lavandou-zimmer-mit-meerblick\">Hotel Lavandou : Zimmer mit Meerblick<\/h2>\n\n\n\n<p><i class=\"fas fa-bed-alt\"><\/i> <strong>20 Zimmer im Hotel in Le Lavandou<\/strong><\/p>\n\n\n\n<p>Auf der Grundlage eines Doppelzimmers mit Meerblick, Bad oder Dusche, WC, Terrasse, individuelle Klimaanlage, Flachbildfernseher, 2 Fr\u00fchst\u00fccke inbegriffen<\/p>\n\n\n\n<p id=\"services-supplementaires\"><strong>Zus\u00e4tzliche Leistunge<\/strong>n :&nbsp;<strong>Babybett :<\/strong>&nbsp;15 \u20ac \/ Tag,&nbsp;<strong>1\/2 Pension :<\/strong>&nbsp;190 bis 380 \u20ac&nbsp;<em>f\u00fcr 2 Personen<\/em>,&nbsp;<strong>Fr\u00fchst\u00fcck :<\/strong>&nbsp;15 \u20ac&nbsp;<em>(im Zimmer oder auf der Terrasse)<\/em>,&nbsp;<strong>Zusatzbett:<\/strong>&nbsp;40\u20ac \/ Tag<\/p>\n\n\n\n<div class=\"wp-block-columns are-vertically-aligned-center\">\n<div class=\"wp-block-column is-vertically-aligned-center\" style=\"flex-basis:50%\">\n<p class=\"tarifs\"><em>ab<\/em> <strong>200\u20ac<\/strong> \/ Nacht<\/p>\n<\/div>\n\n\n\n<div class=\"wp-block-column is-vertically-aligned-center\" style=\"flex-basis:50%\">\n<div class=\"wp-container-69f9c6f361c6c wp-block-buttons\">\n<div class=\"wp-block-button\"><a class=\"wp-block-button__link\" href=\"https:\/\/secure.reservit.com\/fo\/booking\/2\/169442\/dates?langcode=FR\">Buchen<\/a><\/div>\n<\/div>\n<\/div>\n<\/div>\n<\/div>\n<\/div>\n<\/div><\/article>\n\n\n\n<article class=\"wp-container-69f9c6f3627ff wp-block-group boxage_medium m-50-a\"><div class=\"wp-block-group__inner-container\">\n<div class=\"wp-block-columns\">\n<div class=\"wp-block-column\" style=\"flex-basis:65%\">\n<p class=\"servicesBtn\">Die stra\u00dfenseitigen Zimmer des Hotelrestaurants Le Lavandou  <\/p>\n\n\n\n<figure class=\"wp-block-gallery has-nested-images columns-default is-cropped carrousel-locatif\">\n<figure class=\"wp-block-image size-large\"><img width=\"700\" height=\"450\" src=\"https:\/\/www.grandhotelmoriaz.com\/wp-content\/uploads\/2022\/01\/chambre-moriaz-700x450-1.jpg\" alt=\"Grand H\u00f4tel Moriaz: Zimmer Moriaz 700x450\" class=\"wp-image-809\" srcset=\"https:\/\/www.grandhotelmoriaz.com\/wp-content\/uploads\/2022\/01\/chambre-moriaz-700x450-1.jpg 700w, https:\/\/www.grandhotelmoriaz.com\/wp-content\/uploads\/2022\/01\/chambre-moriaz-700x450-1-300x193.jpg 300w\" sizes=\"(max-width: 700px) 100vw, 700px\" \/><\/figure>\n\n\n\n<figure class=\"wp-block-image size-large\"><img width=\"700\" height=\"450\" src=\"https:\/\/www.grandhotelmoriaz.com\/wp-content\/uploads\/2022\/01\/chambre-cote-rue-700x450-1.jpg\" alt=\"Grand H\u00f4tel Moriaz: Zimmer Cote Rue 700x450\" class=\"wp-image-811\" srcset=\"https:\/\/www.grandhotelmoriaz.com\/wp-content\/uploads\/2022\/01\/chambre-cote-rue-700x450-1.jpg 700w, https:\/\/www.grandhotelmoriaz.com\/wp-content\/uploads\/2022\/01\/chambre-cote-rue-700x450-1-300x193.jpg 300w\" sizes=\"(max-width: 700px) 100vw, 700px\" \/><\/figure>\n<\/figure>\n<\/div>\n\n\n\n<div class=\"wp-block-column is-vertically-aligned-center\" style=\"flex-basis:35%\">\n<h2 id=\"chambre-cote-rue\">Hotel Lavandou : Zimmer zur Stra\u00dfenseite<\/h2>\n\n\n\n<p><i class=\"fas fa-bed-alt\"><\/i> <strong>6 freie Zimmer im Grand H\u00f4tel Moriaz<\/strong><\/p>\n\n\n\n<p>Auf der Grundlage eines Doppelzimmers auf der Stra\u00dfe, schalldicht, Bad oder Dusche, WC, individuelle Klimaanlage, Flachbildfernseher, 2 Fr\u00fchst\u00fccke inbegriffen. <\/p>\n\n\n\n<p><strong>Zus\u00e4tzliche Leistungen<\/strong> :&nbsp;Babybett :&nbsp;15 \u20ac \/ Tag,&nbsp;1\/2 Pension :&nbsp;190 bis 380 \u20ac&nbsp;<em>f\u00fcr 2 Personen<\/em>,&nbsp;Fr\u00fchst\u00fcck :&nbsp;15 \u20ac&nbsp;<em>(im Zimmer oder auf der Terrasse)<\/em>,&nbsp;Zusatzbett:&nbsp;40\u20ac \/ Tag<\/p>\n\n\n\n<div class=\"wp-block-columns are-vertically-aligned-center\">\n<div class=\"wp-block-column is-vertically-aligned-center\" style=\"flex-basis:50%\">\n<p class=\"tarifs\"><em>ab<\/em> <strong>100\u20ac<\/strong> \/ Nacht<\/p>\n<\/div>\n\n\n\n<div class=\"wp-block-column is-vertically-aligned-center\" style=\"flex-basis:50%\">\n<div class=\"wp-container-69f9c6f3624aa wp-block-buttons\">\n<div class=\"wp-block-button\"><a class=\"wp-block-button__link\" href=\"https:\/\/secure.reservit.com\/fo\/booking\/2\/169442\/dates?langcode=FR\">Buchen<\/a><\/div>\n<\/div>\n<\/div>\n<\/div>\n<\/div>\n<\/div>\n<\/div><\/article>\n\n\n\n<aside class=\"wp-container-69f9c6f362eb8 wp-block-group boxage_medium m-40-a has-blanc-color has-principale-background-color has-text-color has-background\"><div class=\"wp-block-group__inner-container\">\n<div class=\"wp-container-69f9c6f362bb2 wp-block-group\"><div class=\"wp-block-group__inner-container\">\n<p class=\"has-secondaire-color has-text-color\"> <i class=\"fas fa-times-circle\"><\/i><\/p>\n\n\n\n<h2 id=\"services-supplementaires\">Zus\u00e4tzliche Dienstleistungen in unserem Hotel in Le Lavandou<\/h2>\n\n\n\n<ul><li><strong>Babybett:<\/strong> 15 \u20ac \/ Tag<\/li><li><strong>1\/2 PENSION:<\/strong> 190 bis 415 \u20ac <em>f\u00fcr 2 Personen<\/em><\/li><li>FR\u00dcHST\u00dcCK<strong>:<\/strong> 18 \u20ac auf der Terrasse<\/li><li><strong>ZUS\u00c4TZLICHES BETT:<\/strong> 40\u20ac \/ Tag<\/li><\/ul>\n\n\n\n<p><a rel=\"noreferrer noopener\" href=\"https:\/\/www.grandhotelmoriaz.com\/de\/die-dienste\/\" target=\"_blank\"><i class=\"fas fa-info-circle\"><\/i>  Entdecken Sie alle Dienstleistungen<\/a><\/p>\n<\/div><\/div>\n<\/div><\/aside>\n\n\n\n<div style=\"height:130px\" aria-hidden=\"true\" class=\"wp-block-spacer spacer3\"><\/div>\n\n\n\n<div class=\"wp-block-columns m-90-a\">\n<div class=\"wp-block-column\" style=\"flex-basis:66.66%\">\n<div class=\"wp-container-69f9c6f363679 wp-block-group boxage_medium\"><div class=\"wp-block-group__inner-container\">\n<h2 id=\"vue-unique-sur-la-baie-de-cavaliere-dans-cet-hotel-restaurant-au-lavandou-avec-vue-sur-mer\">Einzigartige Aussicht auf die Bucht <a href=\"https:\/\/www.grandhotelmoriaz.com\/de\/alentours\/cavaliere-le-lavandou\/\">von Cavali\u00e8re<\/a> in diesem Hotel und Restaurant in Le Lavandou mit Meerblick<\/h2>\n\n\n\n<p>Mit Blick auf ein klares, durchsichtiges Meer, auf&nbsp;<strong>die <strong>\u00celes d&#8217;Or<\/strong>&nbsp;i<\/strong>n der Ferne werden Sie nicht m\u00fcde, die Landschaft von der Terrasse Ihres <strong>Zimmers <\/strong>aus zu bewundern. So k\u00f6nnen Sie die verschiedenen Gesichter beobachten, die das Mittelmeer den ganzen Tag \u00fcber in diesem&nbsp;<strong>Hotel in Le Lavandou<\/strong>&nbsp;6 Kilometer vom Stadtzentrum entfernt, entfaltet. Das Personal k\u00fcmmert sich um Sie, damit Sie einen wundersch\u00f6nen Aufenthalt in der N\u00e4he der&nbsp;<strong>C\u00f4te d&#8217;Azur<\/strong>, am&nbsp;Mittelmeer verbringen k\u00f6nnen.<\/p>\n\n\n\n<p>Sie werden von der ged\u00e4mpften und eleganten Atmosph\u00e4re dieses <strong>Hotels<\/strong> verzaubert sein, in dem Sie sich l<strong>mit den F\u00fc\u00dfen im Wasser<\/strong> entspannen k\u00f6nnen. Sie brauchen keinen Pool, steigen Sie einfach aus Ihrem Zimmer und begeben Sie sich <strong><a href=\"https:\/\/www.grandhotelmoriaz.com\/de\/privatstrand-franzosische-riviera\/\">an den Strand<\/a><\/strong>, der nur 3 Meter von Ihrer Unterkunft entfernt ist.<br>Ein Hauch von Luft ist angesagt,\u00a0was gibt es Sch\u00f6neres, als am Fu\u00dfende Ihres Bettes den unendlichen Horizont des Meeres zu beobachten?<\/p>\n\n\n\n<p class=\"etiquette\">3-Sterne-Hotel Var  <i class=\"fas fa-star\"><\/i> <i class=\"fas fa-star\"><\/i> <i class=\"fas fa-star\"><\/i>   <\/p>\n\n\n\n<div style=\"height:40px\" aria-hidden=\"true\" class=\"wp-block-spacer\"><\/div>\n\n\n\n<h2 id=\"des-chambres-d-hotel-au-lavandou-tout-confort\">Hotelzimmer in Cote d&#8217;Azur mit allem Komfort<\/h2>\n\n\n\n<p>Genie\u00dfen Sie die ideale Lage direkt am Meer und \u00fcbernachten Sie in einem der <strong>Zimmer mit Meerblick<\/strong>. Sie verf\u00fcgen \u00fcber jeglichen Komfort f\u00fcr einen idealen Aufenthalt an der K\u00fcste des Var am Rande der feinen str\u00e4nde.  <\/p>\n\n\n\n<p>Sie sind mit einer <strong>individuell regulierbaren Klimaanlage<\/strong>, einem <strong>Flachbildfernseher<\/strong>, einem <strong>WC<\/strong> und einem Badezimmer mit Badewanne oder Duschkabine ausgestattet. Das Beste an ihnen ist zweifellos die <strong>Terrasse<\/strong>, auf der Sie Ihren Meerblick in vollen Z\u00fcgen genie\u00dfen k\u00f6nnen.  <\/p>\n\n\n\n<p>Die ruhigen und sehr komfortablen Zimmer haben jeweils eine eigene Dekoration und eine eigene Welt, sodass Sie in <strong>einem einzigartigen und originellen Rahmen<\/strong> empfangen werden. Das Fr\u00fchst\u00fccksbuffet ist bei Ihrer Buchung in dieser Einrichtung inbegriffen. Sie werden es auch zu sch\u00e4tzen wissen, wenn Sie das Fr\u00fchst\u00fcck drau\u00dfen auf Ihrer Terrasse einnehmen und dabei ganz privat die Landschaft und das milde Klima der Region genie\u00dfen k\u00f6nnen. F\u00fcr das kontinentale Fr\u00fchst\u00fcck wird ein Zuschlag von 10 Euro erhoben.  <\/p>\n\n\n\n<p>Zu Ihren F\u00fc\u00dfen: der nahegelegene <strong>strand<\/strong> mit seinem <strong>privatisierten und ausgestatteten Bereich<\/strong>, der allen Hotelg\u00e4sten vorbehalten ist, sowie eine <strong>Bar<\/strong> und ein <strong>Restaurant<\/strong> direkt am Wasser. Das Personal bietet Ihnen den umfassendsten und angenehmsten Service, den Sie in diesem <strong><a href=\"https:\/\/www.grandhotelmoriaz.com\/de\/hotel-lavandou\/\">Hotel in Var<\/a><\/strong>, Frankreich, bekommen k\u00f6nnen.<\/p>\n\n\n\n<div class=\"wp-container-69f9c6f36336c wp-block-buttons\">\n<div class=\"wp-block-button\"><a class=\"wp-block-button__link\" href=\"https:\/\/www.grandhotelmoriaz.com\/de\/restaurant\/\">Hotel Restaurant Le Lavandou<\/a><\/div>\n<\/div>\n<\/div><\/div>\n<\/div>\n\n\n\n<div class=\"wp-block-column\" style=\"flex-basis:33.33%\">\n<div class=\"wp-container-69f9c6f363a01 wp-block-group\"><div class=\"wp-block-group__inner-container\">\n<p class=\"legende\">Hotel Lavandou<br>Strand<\/p>\n\n\n\n<figure class=\"wp-block-image size-full\"><img width=\"600\" height=\"400\" src=\"https:\/\/www.grandhotelmoriaz.com\/wp-content\/uploads\/2022\/01\/Rectangle-27.jpg\" alt=\"jacuzzi dans noter hotel Lavandou\" class=\"wp-image-335\" srcset=\"https:\/\/www.grandhotelmoriaz.com\/wp-content\/uploads\/2022\/01\/Rectangle-27.jpg 600w, https:\/\/www.grandhotelmoriaz.com\/wp-content\/uploads\/2022\/01\/Rectangle-27-300x200.jpg 300w\" sizes=\"(max-width: 600px) 100vw, 600px\" \/><\/figure>\n<\/div><\/div>\n<\/div>\n<\/div>\n","protected":false},"excerpt":{"rendered":"<p>Die Zimmer in unserem Hotel in Le Lavandou an der C\u00f4te d&#8217;Azur In den&nbsp;Zimmern unseres Hotels Le Lavandou&nbsp;mit Meerblick k\u00f6nnen Sie einen au\u00dfergew\u00f6hnlichen Blick auf das&nbsp;Mittelmeer genie\u00dfen, der Ihnen jeden Morgen zur Freude Ihrer Augen und zur Erholung Ihres Geistes geboten wird. Buchen Sie ein Hotelzimmer in Le Lavandou mit Meerblick an der C\u00f4te d&#8217;Azur [&hellip;]<\/p>\n","protected":false},"author":1,"featured_media":2138,"parent":0,"menu_order":0,"comment_status":"closed","ping_status":"closed","template":"","meta":[],"acf":[],"_links":{"self":[{"href":"https:\/\/www.grandhotelmoriaz.com\/de\/wp-json\/wp\/v2\/pages\/2231"}],"collection":[{"href":"https:\/\/www.grandhotelmoriaz.com\/de\/wp-json\/wp\/v2\/pages"}],"about":[{"href":"https:\/\/www.grandhotelmoriaz.com\/de\/wp-json\/wp\/v2\/types\/page"}],"author":[{"embeddable":true,"href":"https:\/\/www.grandhotelmoriaz.com\/de\/wp-json\/wp\/v2\/users\/1"}],"replies":[{"embeddable":true,"href":"https:\/\/www.grandhotelmoriaz.com\/de\/wp-json\/wp\/v2\/comments?post=2231"}],"version-history":[{"count":6,"href":"https:\/\/www.grandhotelmoriaz.com\/de\/wp-json\/wp\/v2\/pages\/2231\/revisions"}],"predecessor-version":[{"id":3827,"href":"https:\/\/www.grandhotelmoriaz.com\/de\/wp-json\/wp\/v2\/pages\/2231\/revisions\/3827"}],"wp:featuredmedia":[{"embeddable":true,"href":"https:\/\/www.grandhotelmoriaz.com\/de\/wp-json\/wp\/v2\/media\/2138"}],"wp:attachment":[{"href":"https:\/\/www.grandhotelmoriaz.com\/de\/wp-json\/wp\/v2\/media?parent=2231"}],"curies":[{"name":"wp","href":"https:\/\/api.w.org\/{rel}","templated":true}]}}