{"id":2235,"date":"2023-12-06T15:33:36","date_gmt":"2023-12-06T14:33:36","guid":{"rendered":"https:\/\/www.grandhotelmoriaz.com\/die-dienste\/"},"modified":"2025-06-26T12:11:33","modified_gmt":"2025-06-26T10:11:33","slug":"die-dienste","status":"publish","type":"page","link":"https:\/\/www.grandhotelmoriaz.com\/de\/die-dienste\/","title":{"rendered":". Services DE"},"content":{"rendered":"\n<div class=\"wp-block-columns m-100-b\">\n<div class=\"wp-block-column\">\n<h1 class=\"boxage_medium\" id=\"services-hotel-cavaliere\">Dienstleistungen in unserem Hotel in Le Lavandou H\u00f4tel Cavali\u00e8re an der franz\u00f6sischen Riviera<\/h1>\n\n\n\n<div class=\"wp-container-6a041dfc6ac34 wp-block-group\"><div class=\"wp-block-group__inner-container\">\n<p>Das Grand H\u00f4tel Moriaz stellt Ihnen zahlreiche Serviceleistungen f\u00fcr einen <strong>komfortablen Urlaub<\/strong> in Le Lavandou zur Verf\u00fcgung. Bleiben Sie dank des <strong>kostenlosen<\/strong> <strong>WLAN-Internetzugangs<\/strong> im gesamten <a href=\"https:\/\/www.grandhotelmoriaz.com\/de\/restaurant\/\" data-type=\"page\" data-id=\"447\">Hotel Restaurant Le Lavandou<\/a>, einschlie\u00dflich der Zimmer, mit Ihren Lieben in Kontakt und nutzen Sie den <strong> reservierten Strand<\/strong> des Hotels.  <\/p>\n\n\n\n<p>\u00dcbernachten Sie in unserem <a href=\"https:\/\/www.grandhotelmoriaz.com\/de\/hotel-lavandou\/\" data-type=\"page\" data-id=\"2571\">3-Sterne-Hotel in Le Lavandou<\/a>, einer Stadt und einem Badeort im Departement Var, nur 2 km von den Sandstr\u00e4nden entfernt. Genie\u00dfen Sie unsere Zimmer mit Meerblick auf die <strong>Bucht von Cavali\u00e8re<\/strong>.<\/p>\n\n\n\n<p>Wir bieten komfortable <strong>Zimmer <\/strong>in einer ruhigen und raffinierten Umgebung am <strong>Mittelmeer<\/strong>. Sie werden in einer Umgebung empfangen, die alle Vorteile des modernen Komforts genie\u00dft.<\/p>\n\n\n\n<div style=\"height:19px\" aria-hidden=\"true\" class=\"wp-block-spacer\"><\/div>\n\n\n\n<div class=\"wp-container-6a041dfc6a907 wp-block-buttons\">\n<div class=\"wp-block-button\"><a class=\"wp-block-button__link\" href=\"https:\/\/www.grandhotelmoriaz.com\/de\/zimmer-lavandou-frankreich\/\">Unsere Zimmer<\/a><\/div>\n<\/div>\n<\/div><\/div>\n<\/div>\n\n\n\n<div class=\"wp-block-column\">\n<div class=\"wp-block-cover is-light\" style=\"min-height:200px\"><span aria-hidden=\"true\" class=\"has-background-dim-0 wp-block-cover__gradient-background has-background-dim\"><\/span><img width=\"1024\" height=\"683\" class=\"wp-block-cover__image-background wp-image-998\" alt=\"Grand H\u00f4tel Moriaz : Interieur Restaurant\" src=\"https:\/\/www.grandhotelmoriaz.com\/wp-content\/uploads\/2022\/02\/interieur_restaurant.jpg\" style=\"object-position:83% 43%\" data-object-fit=\"cover\" data-object-position=\"83% 43%\" srcset=\"https:\/\/www.grandhotelmoriaz.com\/wp-content\/uploads\/2022\/02\/interieur_restaurant.jpg 1024w, https:\/\/www.grandhotelmoriaz.com\/wp-content\/uploads\/2022\/02\/interieur_restaurant-300x200.jpg 300w, https:\/\/www.grandhotelmoriaz.com\/wp-content\/uploads\/2022\/02\/interieur_restaurant-768x512.jpg 768w\" sizes=\"(max-width: 1024px) 100vw, 1024px\" \/><div class=\"wp-block-cover__inner-container\">\n<p class=\"has-text-align-center has-large-font-size\"><\/p>\n<\/div><\/div>\n<\/div>\n<\/div>\n\n\n\n<div style=\"height:90px\" aria-hidden=\"true\" class=\"wp-block-spacer\"><\/div>\n\n\n\n<div class=\"wp-block-columns boxage section-pictos\">\n<div class=\"wp-block-column is-vertically-aligned-center\" style=\"flex-basis:30%\">\n<div class=\"wp-container-6a041dfc6b06f wp-block-group boxage\"><div class=\"wp-block-group__inner-container\">\n<h2 class=\"has-text-align-left\" id=\"autoservice-in-hotels-in-le-lavandou\">Autoservice in Hotels in Le Lavandou<\/h2>\n\n\n\n<p>\u00dcbernachten Sie im Grand H\u00f4tel Moriaz und genie\u00dfen Sie eine Oase der Ruhe in Le Lavandou. Unser<strong> 3-Sterne-Haus am Meer<\/strong> bietet Ihnen eine ganze Reihe von Dienstleistungen, um Ihren Aufenthalt im Hotel so komfortabel wie m\u00f6glich zu gestalten.<\/p>\n\n\n\n<ul><li>Kostenpflichtiger geschlossener Parkplatz und kostenloser \u00f6ffentlicher Parkplatz.<\/li><li>Kostenlose Garage f\u00fcr <strong>Motorr\u00e4der <\/strong>steht zu Ihrer Verf\u00fcgung.<\/li><li>Organisierte <strong>Taxireservierung <\/strong>f\u00fcr Ihre Fahrten.<\/li><\/ul>\n<\/div><\/div>\n<\/div>\n\n\n\n<div class=\"wp-block-column is-vertically-aligned-center photo-highlight\" style=\"flex-basis:30%\">\n<div class=\"wp-block-image\"><figure class=\"aligncenter size-large\"><img width=\"768\" height=\"1024\" src=\"https:\/\/www.grandhotelmoriaz.com\/wp-content\/uploads\/2024\/06\/Grand-Hotel-Moriaz-Lavandou-20-768x1024.jpg\" alt=\"Grand H\u00f4tel Moriaz : C:dcim100goprogopr5014.gpr\" class=\"wp-image-3053\" srcset=\"https:\/\/www.grandhotelmoriaz.com\/wp-content\/uploads\/2024\/06\/Grand-Hotel-Moriaz-Lavandou-20-768x1024.jpg 768w, https:\/\/www.grandhotelmoriaz.com\/wp-content\/uploads\/2024\/06\/Grand-Hotel-Moriaz-Lavandou-20-225x300.jpg 225w, https:\/\/www.grandhotelmoriaz.com\/wp-content\/uploads\/2024\/06\/Grand-Hotel-Moriaz-Lavandou-20-1152x1536.jpg 1152w, https:\/\/www.grandhotelmoriaz.com\/wp-content\/uploads\/2024\/06\/Grand-Hotel-Moriaz-Lavandou-20-1536x2048.jpg 1536w, https:\/\/www.grandhotelmoriaz.com\/wp-content\/uploads\/2024\/06\/Grand-Hotel-Moriaz-Lavandou-20-scaled.jpg 1920w\" sizes=\"(max-width: 768px) 100vw, 768px\" \/><\/figure><\/div>\n\n\n\n<p>3-Sterne-Service in Le Lavandou f\u00fcr einen Urlaub mit allem Komfort<\/p>\n<\/div>\n\n\n\n<div class=\"wp-block-column is-vertically-aligned-center\" style=\"flex-basis:40%\">\n<div class=\"wp-container-6a041dfc6b4dd wp-block-group boxage\"><div class=\"wp-block-group__inner-container\">\n<h2 id=\"dienstleistungen-des-hotels-in-le-lavandou\">Dienstleistungen des Hotels in Le Lavandou<\/h2>\n\n\n\n<ul><li><strong>Briefk\u00e4sten <\/strong>, um Ihre Post zu versenden.<\/li><li><strong>Postalische Dienstleistungen<\/strong><\/li><li><strong>Wi-Fi<\/strong> und Fax verf\u00fcgbar<\/li><li><strong>Safe<\/strong> in jedem <a href=\"https:\/\/www.grandhotelmoriaz.com\/de\/zimmer-lavandou-frankreich\/\">Zimmer <\/a>f\u00fcr die Sicherheit Ihrer pers\u00f6nlichen Gegenst\u00e4nde.<\/li><li>Zugang zu einem festen Computer und einem Drucker f\u00fcr Ihre beruflichen Bed\u00fcrfnisse.<\/li><li><strong>Sekretariat<\/strong> und <strong>Kopierer <\/strong>zu Ihrer Verf\u00fcgung<\/li><li><strong>Boule-Kugeln<\/strong> stehen an der Rezeption kostenlos zur Verf\u00fcgung.<\/li><li>Nutzen Sie unsere<strong> kleine Bibliothek<\/strong> mit B\u00fcchern auf Deutsch, Englisch und Franz\u00f6sisch.<\/li><li>Ihre <strong>Haustiere<\/strong> sind gegen einen Aufpreis von 15 Euro herzlich willkommen.<\/li><\/ul>\n<\/div><\/div>\n<\/div>\n<\/div>\n\n\n\n<div style=\"height:170px\" aria-hidden=\"true\" class=\"wp-block-spacer spacer3\"><\/div>\n\n\n\n<div class=\"wp-block-columns m-70-a\">\n<div class=\"wp-block-column\" style=\"flex-basis:25%\">\n<figure class=\"wp-block-image size-full\"><img width=\"465\" height=\"501\" src=\"https:\/\/www.grandhotelmoriaz.com\/wp-content\/uploads\/2022\/01\/Rectangle-13.jpg\" alt=\"\" class=\"wp-image-306\" srcset=\"https:\/\/www.grandhotelmoriaz.com\/wp-content\/uploads\/2022\/01\/Rectangle-13.jpg 465w, https:\/\/www.grandhotelmoriaz.com\/wp-content\/uploads\/2022\/01\/Rectangle-13-278x300.jpg 278w\" sizes=\"(max-width: 465px) 100vw, 465px\" \/><\/figure>\n\n\n\n<p>Zahlreiche Wassersportarten<br>in Le Lavandou<\/p>\n<\/div>\n\n\n\n<div class=\"wp-block-column\" style=\"flex-basis:25%\">\n<figure class=\"wp-block-image size-large\"><img width=\"1024\" height=\"682\" src=\"https:\/\/www.grandhotelmoriaz.com\/wp-content\/uploads\/2022\/01\/voiture-electrique-branchee-1024x682.jpeg\" alt=\"\" class=\"wp-image-896\" srcset=\"https:\/\/www.grandhotelmoriaz.com\/wp-content\/uploads\/2022\/01\/voiture-electrique-branchee-1024x682.jpeg 1024w, https:\/\/www.grandhotelmoriaz.com\/wp-content\/uploads\/2022\/01\/voiture-electrique-branchee-300x200.jpeg 300w, https:\/\/www.grandhotelmoriaz.com\/wp-content\/uploads\/2022\/01\/voiture-electrique-branchee-768x511.jpeg 768w, https:\/\/www.grandhotelmoriaz.com\/wp-content\/uploads\/2022\/01\/voiture-electrique-branchee.jpeg 1200w\" sizes=\"(max-width: 1024px) 100vw, 1024px\" \/><\/figure>\n\n\n\n<p>Elektrische Anschl\u00fcsse in 60m<\/p>\n<\/div>\n\n\n\n<div class=\"wp-block-column\" style=\"flex-basis:15%\">\n<figure class=\"wp-block-image size-full\"><img width=\"305\" height=\"501\" src=\"https:\/\/www.grandhotelmoriaz.com\/wp-content\/uploads\/2022\/01\/Rectangle-15.jpg\" alt=\"\" class=\"wp-image-310\" srcset=\"https:\/\/www.grandhotelmoriaz.com\/wp-content\/uploads\/2022\/01\/Rectangle-15.jpg 305w, https:\/\/www.grandhotelmoriaz.com\/wp-content\/uploads\/2022\/01\/Rectangle-15-183x300.jpg 183w\" sizes=\"(max-width: 305px) 100vw, 305px\" \/><\/figure>\n\n\n\n<p>Verschiedene Dienstleistungen in Cavali\u00e8re<\/p>\n<\/div>\n\n\n\n<div class=\"wp-block-column\" style=\"flex-basis:34%\">\n<div class=\"wp-container-6a041dfc6bde9 wp-block-group\"><div class=\"wp-block-group__inner-container\">\n<h2 class=\"has-text-align-left\" id=\"services-au-lavandou-pres-de-l-hotel\">Dienstleistungen in Le Lavandou in der N\u00e4he des Hotels<\/h2>\n\n\n\n<div class=\"wp-block-columns\">\n<div class=\"wp-block-column\">\n<ul><li><strong>Gro\u00dfer kostenloser \u00f6ffentlicher Parkplatz.<\/strong><\/li><li><strong>Ladestation<\/strong> f\u00fcr Elektrofahrzeuge nur 60 Meter entfernt.<\/li><li><strong>Einfacher Zugang <\/strong>zu einem Arzt und einer Apotheke in der N\u00e4he.<\/li><li>Friseursalon<\/li><\/ul>\n\n\n\n<p>Alles, was Sie f\u00fcr Ihren Hotelaufenthalt in Le Lavandou ben\u00f6tigen.<\/p>\n<\/div>\n<\/div>\n<\/div><\/div>\n<\/div>\n<\/div>\n\n\n\n<div style=\"height:59px\" aria-hidden=\"true\" class=\"wp-block-spacer spacer2\"><\/div>\n\n\n\n<div class=\"wp-block-columns m-60-a\">\n<div class=\"wp-block-column\" style=\"flex-basis:60%\">\n<div class=\"wp-container-6a041dfc6c3ff wp-block-group boxage_medium\"><div class=\"wp-block-group__inner-container\">\n<p class=\"etiquette\">Dienstleistungen<br>3-Sterne-Hotel Var  <i class=\"fas fa-star\"><\/i> <i class=\"fas fa-star\"><\/i> <i class=\"fas fa-star\"><\/i><\/p>\n\n\n\n<h2 id=\"prestations-de-l-hotel-en-supplement\">Zus\u00e4tzliche Leistungen des Hotels<\/h2>\n\n\n\n<h3 id=\"blanchisserie\">W\u00e4scherei<\/h3>\n\n\n\n<p>W\u00e4scherei f\u00fcr den n\u00e4chsten Tag, wenn am Morgen gegeben :<\/p>\n\n\n\n<ul><li>Hemd, Hose, Kleid, Rock, Shorts, T-Shirt<\/li><li>Badeanzug, Badetuch<\/li><li>Unterw\u00e4sche<\/li><li>Chemische Reinigung in zwei Tagen<\/li><\/ul>\n\n\n\n<h3 id=\"services\">Dienstleistungen des Hotels<\/h3>\n\n\n\n<ul><li>Vermietung von Matratzen und Sonnenschirmen an unserem reservierten Strand: Strandt\u00fccher werden bereitgestellt \u20ac 32 pro Tag, f\u00fcr 2 Personen<\/li><li>Kostenpflichtige Garage (begrenzte Pl\u00e4tze) &#8211; 22\u20ac pro Tag<\/li><li>Hund erlaubt, nicht gef\u00fcttert &#8211; 15 \u20ac<\/li><\/ul>\n\n\n\n<div style=\"height:28px\" aria-hidden=\"true\" class=\"wp-block-spacer\"><\/div>\n\n\n\n<p>Nutzen Sie unseren <strong>reservierten Strand in <\/strong><a href=\"https:\/\/www.grandhotelmoriaz.com\/de\/alentours\/cavaliere-le-lavandou\/\"><strong>Cavali\u00e8re<\/strong> <\/a>am Fu\u00dfe unseres Hotels, der ausschlie\u00dflich den Hotelg\u00e4sten zur Verf\u00fcgung steht. Sie k\u00f6nnen zahlreiche Wassersportarten auf dem <strong>Mittelmeer<\/strong> genie\u00dfen, wie Jetski, Paddeln, Segeln, Wasserski. Das Wasser ist flach genug, damit Kinder sicher spielen k\u00f6nnen, und es gibt viele Sandspielger\u00e4te, um <strong>mit der Familie<\/strong> oder mit Freunden zu spielen.<\/p>\n<\/div><\/div>\n<\/div>\n\n\n\n<div class=\"wp-block-column\" style=\"flex-basis:40%\">\n<div class=\"wp-block-image\"><figure class=\"alignright size-large\"><img width=\"1024\" height=\"715\" src=\"https:\/\/www.grandhotelmoriaz.com\/wp-content\/uploads\/2024\/06\/Grand-Hotel-Moriaz-Lavandou-18-1024x715.jpg\" alt=\"Grand H\u00f4tel Moriaz : C:dcim100goprogopr1519.gpr\" class=\"wp-image-3047\" srcset=\"https:\/\/www.grandhotelmoriaz.com\/wp-content\/uploads\/2024\/06\/Grand-Hotel-Moriaz-Lavandou-18-1024x715.jpg 1024w, https:\/\/www.grandhotelmoriaz.com\/wp-content\/uploads\/2024\/06\/Grand-Hotel-Moriaz-Lavandou-18-300x209.jpg 300w, https:\/\/www.grandhotelmoriaz.com\/wp-content\/uploads\/2024\/06\/Grand-Hotel-Moriaz-Lavandou-18-768x536.jpg 768w, https:\/\/www.grandhotelmoriaz.com\/wp-content\/uploads\/2024\/06\/Grand-Hotel-Moriaz-Lavandou-18-1536x1072.jpg 1536w, https:\/\/www.grandhotelmoriaz.com\/wp-content\/uploads\/2024\/06\/Grand-Hotel-Moriaz-Lavandou-18.jpg 1920w\" sizes=\"(max-width: 1024px) 100vw, 1024px\" \/><\/figure><\/div>\n<\/div>\n<\/div>\n\n\n\n<div style=\"height:51px\" aria-hidden=\"true\" class=\"wp-block-spacer\"><\/div>\n\n\n\n<div class=\"wp-block-columns m-90-a\">\n<div class=\"wp-block-column\" style=\"flex-basis:66.66%\">\n<div class=\"wp-container-6a041dfc6cba1 wp-block-group boxage_medium\"><div class=\"wp-block-group__inner-container\">\n<h2 id=\"sejournez-dans-notre-hotel-au-lavandou\">Aufenthalt in unserem Hotel in Le Lavandou  <\/h2>\n\n\n\n<p>Le <strong>Lavandou<\/strong> im D\u00e9partement Var in der Region <strong>Provence-Alpes-C\u00f4te d&#8217;Azur<\/strong> ist ein beliebtes Urlaubsziel, das f\u00fcr seine Wassersportaktivit\u00e4ten am Meer und seine 12 Sandstr\u00e4nde bekannt ist. In Le Lavandou gibt es viele verschiedene <strong>Wassersportarten <\/strong>und nicht zu vergessen die Spiele im Sand: Volleyball, Beachsoccer und P\u00e9tanque.<\/p>\n\n\n\n<p>Le Lavandou zu entdecken bedeutet, <strong>die provenzalische Atmosph\u00e4re<\/strong> mit ihrer typischen K\u00fcche, den M\u00e4rkten mit dem Duft des S\u00fcdens, den Zikaden und den feinen Sandstr\u00e4nden zu erleben. Entdecken Sie die <strong>goldenen Inseln<\/strong>: die Insel <strong><a href=\"https:\/\/www.grandhotelmoriaz.com\/de\/alentours\/port-cros\/\">Port Cros<\/a><\/strong> und die Insel Porquerolles. Auf Ihrer Bootsfahrt werden Sie vielleicht \u00fcberrascht sein, Delfine vor der K\u00fcste zu bewundern oder einen Blick auf die einheimischen Fischer zu erhaschen: die Pescadous. In der Umgebung <strong>des Hotels Lavandou<\/strong> spa k\u00f6nnen Sie Ausfl\u00fcge zur Domaine de la Rayol,<strong><a href=\"https:\/\/www.grandhotelmoriaz.com\/de\/alentours\/bormes-les-mimosas-altstadt\/\"> Bormes les Mimosas<\/a><\/strong> unternehmen.  <\/p>\n\n\n\n<div style=\"height:40px\" aria-hidden=\"true\" class=\"wp-block-spacer\"><\/div>\n\n\n\n<h3 id=\"decouvrir-le-lavandou\">Le Lavandou entdecken<\/h3>\n\n\n\n<p>Le Lavandou liegt am Mittelmeer an der C\u00f4te d&#8217;Azur Varoise und genie\u00dft ein mediterranes Klima und einen hei\u00dfen Sommer. Sie k\u00f6nnen auch eine ruhige Atmosph\u00e4re genie\u00dfen, die es Ihnen erm\u00f6glicht, entspannende Momente zu verbringen und Sehensw\u00fcrdigkeiten wie die <a href=\"https:\/\/www.grandhotelmoriaz.com\/de\/alentours\/museum-in-lavandou-villa-theo\/\" data-type=\"alentours\" data-id=\"672\">Villa Theo<\/a> zu besuchen. Entdecken Sie w\u00e4hrend Ihres Urlaubs in Le Lavandou zahlreiche Sehensw\u00fcrdigkeiten und Aktivit\u00e4ten f\u00fcr Kinder und Familien in der N\u00e4he unseres Hotels :<\/p>\n\n\n\n<ul><li><strong><a href=\"https:\/\/www.grandhotelmoriaz.com\/de\/alentours\/jetski-lavandou\/\">Jetski<\/a><\/strong>, Wasserski<\/li><li>Tennis<\/li><li>Fallschirmaufstieg<\/li><li>Segeln, Paddeln, Windsurfen<\/li><\/ul>\n\n\n\n<p><\/p>\n\n\n\n<div class=\"wp-container-6a041dfc6c8c4 wp-block-buttons\"><\/div>\n<\/div><\/div>\n<\/div>\n\n\n\n<div class=\"wp-block-column\" style=\"flex-basis:33.33%\">\n<div class=\"wp-container-6a041dfc6cf1a wp-block-group\"><div class=\"wp-block-group__inner-container\">\n<p class=\"legende\">Hotel am<br>Lavandou<\/p>\n\n\n\n<figure class=\"wp-block-image size-large\"><img width=\"1024\" height=\"768\" src=\"https:\/\/www.grandhotelmoriaz.com\/wp-content\/uploads\/2024\/06\/Grand-Hotel-Moriaz-Lavandou-6-1024x768.jpg\" alt=\"Grand H\u00f4tel Moriaz : Grand Hotel Moriaz Lavandou (6)\" class=\"wp-image-3026\" srcset=\"https:\/\/www.grandhotelmoriaz.com\/wp-content\/uploads\/2024\/06\/Grand-Hotel-Moriaz-Lavandou-6-1024x768.jpg 1024w, https:\/\/www.grandhotelmoriaz.com\/wp-content\/uploads\/2024\/06\/Grand-Hotel-Moriaz-Lavandou-6-300x225.jpg 300w, https:\/\/www.grandhotelmoriaz.com\/wp-content\/uploads\/2024\/06\/Grand-Hotel-Moriaz-Lavandou-6-768x576.jpg 768w, https:\/\/www.grandhotelmoriaz.com\/wp-content\/uploads\/2024\/06\/Grand-Hotel-Moriaz-Lavandou-6-1536x1152.jpg 1536w, https:\/\/www.grandhotelmoriaz.com\/wp-content\/uploads\/2024\/06\/Grand-Hotel-Moriaz-Lavandou-6.jpg 1700w\" sizes=\"(max-width: 1024px) 100vw, 1024px\" \/><\/figure>\n<\/div><\/div>\n<\/div>\n<\/div>\n","protected":false},"excerpt":{"rendered":"<p>Dienstleistungen in unserem Hotel in Le Lavandou H\u00f4tel Cavali\u00e8re an der franz\u00f6sischen Riviera Das Grand H\u00f4tel Moriaz stellt Ihnen zahlreiche Serviceleistungen f\u00fcr einen komfortablen Urlaub in Le Lavandou zur Verf\u00fcgung. Bleiben Sie dank des kostenlosen WLAN-Internetzugangs im gesamten Hotel Restaurant Le Lavandou, einschlie\u00dflich der Zimmer, mit Ihren Lieben in Kontakt und nutzen Sie den reservierten [&hellip;]<\/p>\n","protected":false},"author":1,"featured_media":2136,"parent":0,"menu_order":0,"comment_status":"closed","ping_status":"closed","template":"","meta":[],"acf":[],"_links":{"self":[{"href":"https:\/\/www.grandhotelmoriaz.com\/de\/wp-json\/wp\/v2\/pages\/2235"}],"collection":[{"href":"https:\/\/www.grandhotelmoriaz.com\/de\/wp-json\/wp\/v2\/pages"}],"about":[{"href":"https:\/\/www.grandhotelmoriaz.com\/de\/wp-json\/wp\/v2\/types\/page"}],"author":[{"embeddable":true,"href":"https:\/\/www.grandhotelmoriaz.com\/de\/wp-json\/wp\/v2\/users\/1"}],"replies":[{"embeddable":true,"href":"https:\/\/www.grandhotelmoriaz.com\/de\/wp-json\/wp\/v2\/comments?post=2235"}],"version-history":[{"count":6,"href":"https:\/\/www.grandhotelmoriaz.com\/de\/wp-json\/wp\/v2\/pages\/2235\/revisions"}],"predecessor-version":[{"id":4018,"href":"https:\/\/www.grandhotelmoriaz.com\/de\/wp-json\/wp\/v2\/pages\/2235\/revisions\/4018"}],"wp:featuredmedia":[{"embeddable":true,"href":"https:\/\/www.grandhotelmoriaz.com\/de\/wp-json\/wp\/v2\/media\/2136"}],"wp:attachment":[{"href":"https:\/\/www.grandhotelmoriaz.com\/de\/wp-json\/wp\/v2\/media?parent=2235"}],"curies":[{"name":"wp","href":"https:\/\/api.w.org\/{rel}","templated":true}]}}