{"id":2243,"date":"2023-12-06T15:37:35","date_gmt":"2023-12-06T14:37:35","guid":{"rendered":"https:\/\/www.grandhotelmoriaz.com\/kontakt\/"},"modified":"2024-12-10T16:50:46","modified_gmt":"2024-12-10T15:50:46","slug":"kontakt","status":"publish","type":"page","link":"https:\/\/www.grandhotelmoriaz.com\/de\/kontakt\/","title":{"rendered":"Kontakt"},"content":{"rendered":"\n<div class=\"wp-block-columns m-100-b\">\n<div class=\"wp-block-column\">\n<h1 class=\"boxage_medium\" id=\"contact-et-situation\">Kontakt  und Lage<br><span>Grand Hotel Moriaz Lavandou<\/span><\/h1>\n\n\n\n<div class=\"wp-container-69e88e225d4e8 wp-block-group\"><div class=\"wp-block-group__inner-container\">\n<p>Das Grand H\u00f4tel Moriaz befindet sich in dem kleinen Dorf Cavali\u00e8re, nur wenige Meter vom Mittelmeer entfernt und in der N\u00e4he von Saint-Tropez. Es werden zahlreiche Aktivit\u00e4ten angeboten und es gibt viele Orte, die man besuchen kann.<br><br><i class=\"fal fa-map-marker-alt\"><\/i><br><strong><span itemprop=\"name\">Grand H\u00f4tel Moriaz<\/span><\/strong><br><span class=\"wrp_adresse\"><span itemprop=\"address\">74 avenue du Cap N\u00e8gre<br \/>\r\nCavali\u00e8re 83980 Le Lavandou<br \/>\r\nVar - PACA<\/span><\/span><br><a itemprop=\"telephone\" href=\"tel:+33494058001\">0494058001<\/a><br><a itemprop=\"email\" href=\"mailto:grandhotelmoriaz@wanadoo.fr\">grandhotelmoriaz@wanadoo.fr<\/a><\/p>\n<\/div><\/div>\n<\/div>\n\n\n\n<div class=\"wp-block-column\">\n<div class=\"wp-block-cover is-light\" style=\"min-height:200px\"><span aria-hidden=\"true\" class=\"has-background-dim-0 wp-block-cover__gradient-background has-background-dim\"><\/span><img width=\"1440\" height=\"810\" class=\"wp-block-cover__image-background wp-image-3017\" alt=\"Grand H\u00f4tel Moriaz : Grand Hotel Moriaz Lavandou (3)\" src=\"https:\/\/www.grandhotelmoriaz.com\/wp-content\/uploads\/2024\/06\/Grand-Hotel-Moriaz-Lavandou-3.jpg\" style=\"object-position:54% 83%\" data-object-fit=\"cover\" data-object-position=\"54% 83%\" srcset=\"https:\/\/www.grandhotelmoriaz.com\/wp-content\/uploads\/2024\/06\/Grand-Hotel-Moriaz-Lavandou-3.jpg 1440w, https:\/\/www.grandhotelmoriaz.com\/wp-content\/uploads\/2024\/06\/Grand-Hotel-Moriaz-Lavandou-3-300x169.jpg 300w, https:\/\/www.grandhotelmoriaz.com\/wp-content\/uploads\/2024\/06\/Grand-Hotel-Moriaz-Lavandou-3-1024x576.jpg 1024w, https:\/\/www.grandhotelmoriaz.com\/wp-content\/uploads\/2024\/06\/Grand-Hotel-Moriaz-Lavandou-3-768x432.jpg 768w\" sizes=\"(max-width: 1440px) 100vw, 1440px\" \/><div class=\"wp-block-cover__inner-container\">\n<p class=\"has-text-align-center has-large-font-size\"><\/p>\n<\/div><\/div>\n<\/div>\n<\/div>\n\n\n\n<div style=\"height:51px\" aria-hidden=\"true\" class=\"wp-block-spacer\"><\/div>\n\n\n\n<div class=\"wp-block-columns m-90-a\">\n<div class=\"wp-block-column\" style=\"flex-basis:66.66%\">\n<div class=\"wp-container-69e88e22650f8 wp-block-group boxage_medium\"><div class=\"wp-block-group__inner-container\">\n<p class=\"etiquette\">3-Sterne-Hotel  <i class=\"fas fa-star\"><\/i> <i class=\"fas fa-star\"><\/i> <i class=\"fas fa-star\"><\/i>   <\/p>\n\n\n\n<h2 id=\"nous-contacter\">Kontaktieren Sie uns<\/h2>\n\n\n<script type=\"text\/javascript\">var gform;gform||(document.addEventListener(\"gform_main_scripts_loaded\",function(){gform.scriptsLoaded=!0}),window.addEventListener(\"DOMContentLoaded\",function(){gform.domLoaded=!0}),gform={domLoaded:!1,scriptsLoaded:!1,initializeOnLoaded:function(o){gform.domLoaded&&gform.scriptsLoaded?o():!gform.domLoaded&&gform.scriptsLoaded?window.addEventListener(\"DOMContentLoaded\",o):document.addEventListener(\"gform_main_scripts_loaded\",o)},hooks:{action:{},filter:{}},addAction:function(o,n,r,t){gform.addHook(\"action\",o,n,r,t)},addFilter:function(o,n,r,t){gform.addHook(\"filter\",o,n,r,t)},doAction:function(o){gform.doHook(\"action\",o,arguments)},applyFilters:function(o){return gform.doHook(\"filter\",o,arguments)},removeAction:function(o,n){gform.removeHook(\"action\",o,n)},removeFilter:function(o,n,r){gform.removeHook(\"filter\",o,n,r)},addHook:function(o,n,r,t,i){null==gform.hooks[o][n]&&(gform.hooks[o][n]=[]);var e=gform.hooks[o][n];null==i&&(i=n+\"_\"+e.length),gform.hooks[o][n].push({tag:i,callable:r,priority:t=null==t?10:t})},doHook:function(n,o,r){var t;if(r=Array.prototype.slice.call(r,1),null!=gform.hooks[n][o]&&((o=gform.hooks[n][o]).sort(function(o,n){return o.priority-n.priority}),o.forEach(function(o){\"function\"!=typeof(t=o.callable)&&(t=window[t]),\"action\"==n?t.apply(null,r):r[0]=t.apply(null,r)})),\"filter\"==n)return r[0]},removeHook:function(o,n,t,i){var r;null!=gform.hooks[o][n]&&(r=(r=gform.hooks[o][n]).filter(function(o,n,r){return!!(null!=i&&i!=o.tag||null!=t&&t!=o.priority)}),gform.hooks[o][n]=r)}});<\/script>\n                <div class='gf_browser_gecko gform_wrapper gravity-theme' id='gform_wrapper_2' ><div id='gf_2' class='gform_anchor' tabindex='-1'><\/div><form method='post' enctype='multipart\/form-data' target='gform_ajax_frame_2' id='gform_2'  action='\/de\/wp-json\/wp\/v2\/pages\/2243#gf_2' novalidate>\n                        <div class='gform_body gform-body'><div id='gform_fields_2' class='gform_fields top_label form_sublabel_below description_below'><fieldset id=\"field_2_1\" class=\"gfield gfield_contains_required field_sublabel_below field_description_below gfield_visibility_visible\" ><legend class='gfield_label gfield_label_before_complex'  >Name<span class=\"gfield_required\"><span class=\"gfield_required gfield_required_asterisk\">*<\/span><\/span><\/legend><div class='ginput_complex ginput_container no_prefix has_first_name no_middle_name has_last_name no_suffix gf_name_has_2 ginput_container_name' id='input_2_1'>\n                            \n                            <span id='input_2_1_3_container' class='name_first' >\n                                                    <input type='text' name='input_1.3' id='input_2_1_3' value=''   aria-required='true'     \/>\n                                                    <label for='input_2_1_3' >First<\/label>\n                                                <\/span>\n                            \n                            <span id='input_2_1_6_container' class='name_last' >\n                                                    <input type='text' name='input_1.6' id='input_2_1_6' value=''   aria-required='true'     \/>\n                                                    <label for='input_2_1_6' >Last<\/label>\n                                                <\/span>\n                            \n                        <\/div><\/fieldset><div id=\"field_2_2\" class=\"gfield gfield--width-full gfield_contains_required field_sublabel_below field_description_below gfield_visibility_visible\" ><label class='gfield_label' for='input_2_2' > E-Mail<span class=\"gfield_required\"><span class=\"gfield_required gfield_required_asterisk\">*<\/span><\/span><\/label><div class='ginput_container ginput_container_email'>\n                            <input name='input_2' id='input_2_2' type='email' value='' class='large'    aria-required=\"true\" aria-invalid=\"false\"  \/>\n                        <\/div><\/div><div id=\"field_2_3\" class=\"gfield field_sublabel_below field_description_below gfield_visibility_visible\" ><label class='gfield_label' for='input_2_3' >Thema<\/label><div class='ginput_container ginput_container_text'><input name='input_3' id='input_2_3' type='text' value='' class='large'      aria-invalid=\"false\"   \/> <\/div><\/div><div id=\"field_2_4\" class=\"gfield gfield_contains_required field_sublabel_below field_description_below gfield_visibility_visible\" ><label class='gfield_label' for='input_2_4' >Nachricht<span class=\"gfield_required\"><span class=\"gfield_required gfield_required_asterisk\">*<\/span><\/span><\/label><div class='ginput_container ginput_container_textarea'><textarea name='input_4' id='input_2_4' class='textarea large'     aria-required=\"true\" aria-invalid=\"false\"   rows='10' cols='50'><\/textarea><\/div><\/div><fieldset id=\"field_2_10\" class=\"gfield gfield--width-full gfield_contains_required field_sublabel_below field_description_below gfield_visibility_visible\" ><legend class='gfield_label gfield_label_before_complex'  >Rechtliche Hinweise<span class=\"gfield_required\"><span class=\"gfield_required gfield_required_asterisk\">*<\/span><\/span><\/legend><div class='ginput_container ginput_container_checkbox'><div class='gfield_checkbox' id='input_2_10'><div class='gchoice gchoice_2_10_1'>\n\t\t\t\t\t\t\t\t<input class='gfield-choice-input' name='input_10.1' type='checkbox'  value='Ich stimme der Verwendung meiner pers\u00f6nlichen Daten zu, die in &lt;a target=&quot;_blank&quot; rel=&quot;noopener&quot; href=&quot;https:\/\/www.grandhotelmoriaz.com\/de\/datenschutz-und-persoenliche-daten\/&quot;&gt;Datenschutz und pers\u00f6nliche Daten&lt;\/a&gt; genannt sind.'  id='choice_2_10_1'   \/>\n\t\t\t\t\t\t\t\t<label for='choice_2_10_1' id='label_2_10_1'>Ich stimme der Verwendung meiner pers\u00f6nlichen Daten zu, die in <a target=\"_blank\" rel=\"noopener\" href=\"https:\/\/www.grandhotelmoriaz.com\/de\/datenschutz-und-persoenliche-daten\/\">Datenschutz und pers\u00f6nliche Daten<\/a> genannt sind.<\/label>\n\t\t\t\t\t\t\t<\/div><\/div><\/div><\/fieldset><div id=\"field_2_6\" class=\"gfield field_sublabel_below field_description_below hidden_label gfield_visibility_visible\" ><label class='gfield_label' for='input_2_6' >CAPTCHA<\/label><div id='input_2_6' class='ginput_container ginput_recaptcha' data-sitekey='6LeJEyoeAAAAAIMCECfjZh-7Tp6cUhP4J-qB_tnN'  data-theme='light' data-tabindex='-1' data-size='invisible' data-badge='bottomright'><\/div><\/div><\/div><\/div>\n        <div class='gform_footer top_label'> <input type='submit' id='gform_submit_button_2' class='gform_button button' value='Senden Sie'  onclick='if(window[\"gf_submitting_2\"]){return false;}  if( !jQuery(\"#gform_2\")[0].checkValidity || jQuery(\"#gform_2\")[0].checkValidity()){window[\"gf_submitting_2\"]=true;}  ' onkeypress='if( event.keyCode == 13 ){ if(window[\"gf_submitting_2\"]){return false;} if( !jQuery(\"#gform_2\")[0].checkValidity || jQuery(\"#gform_2\")[0].checkValidity()){window[\"gf_submitting_2\"]=true;}  jQuery(\"#gform_2\").trigger(\"submit\",[true]); }' \/> <input type='hidden' name='gform_ajax' value='form_id=2&amp;title=&amp;description=&amp;tabindex=0' \/>\n            <input type='hidden' class='gform_hidden' name='is_submit_2' value='1' \/>\n            <input type='hidden' class='gform_hidden' name='gform_submit' value='2' \/>\n            \n            <input type='hidden' class='gform_hidden' name='gform_unique_id' value='' \/>\n            <input type='hidden' class='gform_hidden' name='state_2' value='WyJbXSIsIjgzZDc1MTViYjcwMWE5MTBkYjc1ZGVmNDk0MWZiZDkxIl0=' \/>\n            <input type='hidden' class='gform_hidden' name='gform_target_page_number_2' id='gform_target_page_number_2' value='0' \/>\n            <input type='hidden' class='gform_hidden' name='gform_source_page_number_2' id='gform_source_page_number_2' value='1' \/>\n            <input type='hidden' name='gform_field_values' value='' \/>\n            \n        <\/div>\n                        <p style=\"display: none !important;\"><label>&#916;<textarea name=\"ak_hp_textarea\" cols=\"45\" rows=\"8\" maxlength=\"100\"><\/textarea><\/label><input type=\"hidden\" id=\"ak_js\" name=\"ak_js\" value=\"75\"\/><script>document.getElementById( \"ak_js\" ).setAttribute( \"value\", ( new Date() ).getTime() );<\/script><\/p><\/form>\n                        <\/div>\n                <iframe style='display:none;width:0px;height:0px;' src='about:blank' name='gform_ajax_frame_2' id='gform_ajax_frame_2' title='This iframe contains the logic required to handle Ajax powered Gravity Forms.'><\/iframe>\n                <script type=\"text\/javascript\">\ngform.initializeOnLoaded( function() {gformInitSpinner( 2, 'https:\/\/www.grandhotelmoriaz.com\/wp-content\/plugins\/gravityforms\/images\/spinner.svg' );jQuery('#gform_ajax_frame_2').on('load',function(){var contents = jQuery(this).contents().find('*').html();var is_postback = contents.indexOf('GF_AJAX_POSTBACK') >= 0;if(!is_postback){return;}var form_content = jQuery(this).contents().find('#gform_wrapper_2');var is_confirmation = jQuery(this).contents().find('#gform_confirmation_wrapper_2').length > 0;var is_redirect = contents.indexOf('gformRedirect(){') >= 0;var is_form = form_content.length > 0 && ! is_redirect && ! is_confirmation;var mt = parseInt(jQuery('html').css('margin-top'), 10) + parseInt(jQuery('body').css('margin-top'), 10) + 100;if(is_form){jQuery('#gform_wrapper_2').html(form_content.html());if(form_content.hasClass('gform_validation_error')){jQuery('#gform_wrapper_2').addClass('gform_validation_error');} else {jQuery('#gform_wrapper_2').removeClass('gform_validation_error');}setTimeout( function() { \/* delay the scroll by 50 milliseconds to fix a bug in chrome *\/ jQuery(document).scrollTop(jQuery('#gform_wrapper_2').offset().top - mt); }, 50 );if(window['gformInitDatepicker']) {gformInitDatepicker();}if(window['gformInitPriceFields']) {gformInitPriceFields();}var current_page = jQuery('#gform_source_page_number_2').val();gformInitSpinner( 2, 'https:\/\/www.grandhotelmoriaz.com\/wp-content\/plugins\/gravityforms\/images\/spinner.svg' );jQuery(document).trigger('gform_page_loaded', [2, current_page]);window['gf_submitting_2'] = false;}else if(!is_redirect){var confirmation_content = jQuery(this).contents().find('.GF_AJAX_POSTBACK').html();if(!confirmation_content){confirmation_content = contents;}setTimeout(function(){jQuery('#gform_wrapper_2').replaceWith(confirmation_content);jQuery(document).scrollTop(jQuery('#gf_2').offset().top - mt);jQuery(document).trigger('gform_confirmation_loaded', [2]);window['gf_submitting_2'] = false;wp.a11y.speak(jQuery('#gform_confirmation_message_2').text());}, 50);}else{jQuery('#gform_2').append(contents);if(window['gformRedirect']) {gformRedirect();}}jQuery(document).trigger('gform_post_render', [2, current_page]);} );} );\n<\/script>\n<\/div><\/div>\n<\/div>\n\n\n\n<div class=\"wp-block-column\" style=\"flex-basis:33.33%\">\n<div class=\"wp-container-69e88e2265553 wp-block-group\"><div class=\"wp-block-group__inner-container\">\n<p class=\"legende\">Hotel mit den F\u00fc\u00dfen im Wasser<\/p>\n\n\n\n<figure class=\"wp-block-image size-full\"><img width=\"1920\" height=\"2560\" src=\"https:\/\/www.grandhotelmoriaz.com\/wp-content\/uploads\/2024\/06\/Grand-Hotel-Moriaz-Lavandou-20-scaled.jpg\" alt=\"Grand H\u00f4tel Moriaz : C:dcim100goprogopr5014.gpr\" class=\"wp-image-3053\" srcset=\"https:\/\/www.grandhotelmoriaz.com\/wp-content\/uploads\/2024\/06\/Grand-Hotel-Moriaz-Lavandou-20-scaled.jpg 1920w, https:\/\/www.grandhotelmoriaz.com\/wp-content\/uploads\/2024\/06\/Grand-Hotel-Moriaz-Lavandou-20-225x300.jpg 225w, https:\/\/www.grandhotelmoriaz.com\/wp-content\/uploads\/2024\/06\/Grand-Hotel-Moriaz-Lavandou-20-768x1024.jpg 768w, https:\/\/www.grandhotelmoriaz.com\/wp-content\/uploads\/2024\/06\/Grand-Hotel-Moriaz-Lavandou-20-1152x1536.jpg 1152w, https:\/\/www.grandhotelmoriaz.com\/wp-content\/uploads\/2024\/06\/Grand-Hotel-Moriaz-Lavandou-20-1536x2048.jpg 1536w\" sizes=\"(max-width: 1920px) 100vw, 1920px\" \/><\/figure>\n<\/div><\/div>\n<\/div>\n<\/div>\n\n\n\n<div style=\"height:100px\" aria-hidden=\"true\" class=\"wp-block-spacer\"><\/div>\n\n\n\n<div class=\"wp-block-columns boxage_medium section-contact\">\n<div class=\"wp-block-column photo-highlight\">\n<figure class=\"wp-block-image size-full\"><img width=\"280\" height=\"360\" src=\"https:\/\/www.grandhotelmoriaz.com\/wp-content\/uploads\/2022\/02\/plage_paysage.jpg\" alt=\"\" class=\"wp-image-1027\" srcset=\"https:\/\/www.grandhotelmoriaz.com\/wp-content\/uploads\/2022\/02\/plage_paysage.jpg 280w, https:\/\/www.grandhotelmoriaz.com\/wp-content\/uploads\/2022\/02\/plage_paysage-233x300.jpg 233w\" sizes=\"(max-width: 280px) 100vw, 280px\" \/><\/figure>\n<\/div>\n\n\n\n<div class=\"wp-block-column\">\n<h2 id=\"fa-icon-icon-fal-fa-plane-alt-venir-par-avion\"><i class=\"fal fa-plane-alt\"><\/i>  Mit dem Flugzeug anreisen<\/h2>\n\n\n\n<p>Flughafen Toulon\/Hy\u00e8res<br>Bd de la Marine<br>83400 HYERES<br><a rel=\"noreferrer noopener\" href=\"http:\/\/www.toulon-hyeres.aeroport.fr\/\" target=\"_blank\">www.toulon-hyeres.aeroport.fr<\/a><br>Tel. : 04 94 00 83 83<br>Flughafen Toulon Hy\u00e8res<\/p>\n\n\n\n<h3 id=\"compagnies-aeriennes\">Fluggesellschaften<\/h3>\n\n\n\n<ul><li><strong>Cityjet : <\/strong> <a href=\"http:\/\/cityjet.com\/\" target=\"_blank\" rel=\"noreferrer noopener\">cityjet.com<\/a><strong><\/strong><\/li><li><strong>R\u00e9gional Air Lines: <\/strong> Tel. : 0 803 00 52 00<\/li><li><strong>Westair: <\/strong> Tel. : 02 98 84 89 66<\/li><li><strong>Air France: <\/strong> Tel. : 0 820 820 820<\/li><\/ul>\n<\/div>\n\n\n\n<div class=\"wp-block-column\">\n<h4 id=\"ces-quatre-compagnies-aeriennes-vous-proposent\">Diese vier Fluggesellschaften bieten Ihnen :<\/h4>\n\n\n\n<ul><li><strong>W\u00f6chentliche Fl\u00fcge nach London<\/strong><\/li><li><strong>12 Fl\u00fcge t\u00e4glich nach Paris<\/strong><\/li><li><strong>4 direkte Flugziele<\/strong>: Paris, Lyon, Brest und Lille Dank des Drehkreuzes in Lyon ist der Flughafen mit 14 St\u00e4dten in Frankreich verbunden: Angers, Angoul\u00eame, Biarritz, Bordeaux, Caen, la Rochelle, Lille, Limoges, Nantes, Pau, Poitiers, Rennes, Rouen, Toulouse&#8230;<\/li><\/ul>\n\n\n\n<ul><li>Flughafen Toulon-Hy\u00e8res: 30 km<\/li><li>Flughafen Nizza: 1,5 Stunden<\/li><li>St-Tropez &#8211; Ramatuelle: 25 km<\/li><li>Bormes-les-Mimosas &#8211; Le Lavandou: 6 km<\/li><\/ul>\n<\/div>\n<\/div>\n\n\n\n<div class=\"wp-block-columns m-60-a\">\n<div class=\"wp-block-column\" style=\"flex-basis:66.66%\">\n<div class=\"wp-container-69e88e2265b08 wp-block-group boxage_medium\"><div class=\"wp-block-group__inner-container\">\n<p class=\"etiquette\">Lage<\/p>\n\n\n\n<div class=\"wp-block-columns\">\n<div class=\"wp-block-column\">\n<h2 id=\"fa-icon-icon-fal-fa-train-venir-en-train\"><i class=\"fal fa-train\"><\/i>  Mit dem Zug anreisen<\/h2>\n\n\n\n<ul><li>Bahnhof Toulon<\/li><li>Bahnhof Hy\u00e8re<\/li><\/ul>\n<\/div>\n\n\n\n<div class=\"wp-block-column\">\n<h2 id=\"fa-icon-icon-fal-fa-train-venir-en-train\"><i class=\"fal fa-car\"><\/i>  Lust auf ein Taxi?<\/h2>\n\n\n\n<p><strong>Azur El\u00e9gance<\/strong> ist f\u00fcr Sie da.<br>Kontaktieren Sie Julien unter <strong>06 14 34 29 43<\/strong><\/p>\n<\/div>\n<\/div>\n<\/div><\/div>\n<\/div>\n\n\n\n<div class=\"wp-block-column\" style=\"flex-basis:33.33%\">\n<div class=\"wp-block-image\"><figure class=\"alignright size-full\"><img width=\"500\" height=\"333\" src=\"https:\/\/www.grandhotelmoriaz.com\/wp-content\/uploads\/2022\/02\/hotel_au_soleil_2.jpg\" alt=\"\" class=\"wp-image-1030\" srcset=\"https:\/\/www.grandhotelmoriaz.com\/wp-content\/uploads\/2022\/02\/hotel_au_soleil_2.jpg 500w, https:\/\/www.grandhotelmoriaz.com\/wp-content\/uploads\/2022\/02\/hotel_au_soleil_2-300x200.jpg 300w\" sizes=\"(max-width: 500px) 100vw, 500px\" \/><\/figure><\/div>\n<\/div>\n<\/div>\n","protected":false},"excerpt":{"rendered":"<p>Kontakt und LageGrand Hotel Moriaz Lavandou Das Grand H\u00f4tel Moriaz befindet sich in dem kleinen Dorf Cavali\u00e8re, nur wenige Meter vom Mittelmeer entfernt und in der N\u00e4he von Saint-Tropez. Es werden zahlreiche Aktivit\u00e4ten angeboten und es gibt viele Orte, die man besuchen kann. 3-Sterne-Hotel Kontaktieren Sie uns Hotel mit den F\u00fc\u00dfen im Wasser Mit dem [&hellip;]<\/p>\n","protected":false},"author":1,"featured_media":0,"parent":0,"menu_order":0,"comment_status":"closed","ping_status":"closed","template":"","meta":[],"acf":[],"_links":{"self":[{"href":"https:\/\/www.grandhotelmoriaz.com\/de\/wp-json\/wp\/v2\/pages\/2243"}],"collection":[{"href":"https:\/\/www.grandhotelmoriaz.com\/de\/wp-json\/wp\/v2\/pages"}],"about":[{"href":"https:\/\/www.grandhotelmoriaz.com\/de\/wp-json\/wp\/v2\/types\/page"}],"author":[{"embeddable":true,"href":"https:\/\/www.grandhotelmoriaz.com\/de\/wp-json\/wp\/v2\/users\/1"}],"replies":[{"embeddable":true,"href":"https:\/\/www.grandhotelmoriaz.com\/de\/wp-json\/wp\/v2\/comments?post=2243"}],"version-history":[{"count":3,"href":"https:\/\/www.grandhotelmoriaz.com\/de\/wp-json\/wp\/v2\/pages\/2243\/revisions"}],"predecessor-version":[{"id":3645,"href":"https:\/\/www.grandhotelmoriaz.com\/de\/wp-json\/wp\/v2\/pages\/2243\/revisions\/3645"}],"wp:attachment":[{"href":"https:\/\/www.grandhotelmoriaz.com\/de\/wp-json\/wp\/v2\/media?parent=2243"}],"curies":[{"name":"wp","href":"https:\/\/api.w.org\/{rel}","templated":true}]}}