{"id":2380,"date":"2024-01-08T15:09:23","date_gmt":"2024-01-08T14:09:23","guid":{"rendered":"https:\/\/www.grandhotelmoriaz.com\/?page_id=2380"},"modified":"2024-12-10T16:44:58","modified_gmt":"2024-12-10T15:44:58","slug":"privatstrand-franzosische-riviera","status":"publish","type":"page","link":"https:\/\/www.grandhotelmoriaz.com\/de\/privatstrand-franzosische-riviera\/","title":{"rendered":". Plage priv\u00e9e DE"},"content":{"rendered":"\n<div class=\"wp-block-columns m-100-b\">\n<div class=\"wp-block-column\">\n<h1 class=\"boxage_medium\" id=\"hotel-mit-privatstrand-an-der-cote-d-azur\">Hotel mit Privatstrand an der C\u00f4te d&#8217;azur <\/h1>\n\n\n\n<div class=\"wp-container-69f1a80c73ff2 wp-block-group\"><div class=\"wp-block-group__inner-container\">\n<h2 id=\"un-sejour-idyllique-au-lavandou-les-pieds-dans-l-eau-a-cavaliere\">Ein idyllischer Aufenthalt in unserem Hotel mit Privatstrand in Le Lavandou.<\/h2>\n\n\n\n<p>Im Grand H\u00f4tel Moriaz und seinem reservierten Strand in Le Lavandou haben Sie einen direkten Zugang zum Meer! Vergessen Sie das Auto oder sogar das Fahrrad, der Strand liegt direkt vor der Haust\u00fcr des Hotels. Liegestuhl, Sonnenschirm, alles ist da f\u00fcr einen entspannenden Moment mit der Familie oder zu zweit. Sie m\u00fcssen nur an ein gutes Buch, Ihre Sonnenbrille und ein paar Sandspiele denken.<\/p>\n\n\n\n<p>Nur einen Steinwurf von Le Lavandou entfernt, an der ber\u00fchmten Franz\u00f6sischen Riviera, liegt die Bucht von Cavali\u00e8re, in der unser 3-Sterne-Hotel mit reserviertem Strand untergebracht ist. Das Grand H\u00f4tel Moriaz ist ein Haus mit azurblauen Fensterl\u00e4den, das direkt am Wasser liegt und von April bis September Urlauber empf\u00e4ngt, die auf der Suche nach Farniente und Sightseeing sind.<\/p>\n\n\n\n<p>Neben unserem reservierten Strand in Le Lavandou k\u00f6nnen Sie auch den Strand von Cavali\u00e8re mit seinen zahlreichen Wassersportaktivit\u00e4ten entdecken: Parasailing, Jetski, Wasserski\u2026 F\u00fcr jeden Geschmack ist etwas dabei!<br>Nicht weit von unserem Hotel entfernt bieten sich Ihnen zahlreiche Spazierg\u00e4nge und Wanderungen an. Entdecken Sie die wilden Pfade des Massif des Maures oder machen Sie Ausfl\u00fcge in die mittelalterlichen D\u00f6rfer im Hinterland des Var.<\/p>\n<\/div><\/div>\n<\/div>\n\n\n\n<div class=\"wp-block-column\">\n<div class=\"wp-block-cover is-light\" style=\"min-height:200px\"><span aria-hidden=\"true\" class=\"has-background-dim-0 wp-block-cover__gradient-background has-background-dim\"><\/span><img width=\"1024\" height=\"768\" class=\"wp-block-cover__image-background wp-image-888\" alt=\"\" src=\"https:\/\/www.grandhotelmoriaz.com\/wp-content\/uploads\/2022\/01\/270658674.jpg\" data-object-fit=\"cover\" srcset=\"https:\/\/www.grandhotelmoriaz.com\/wp-content\/uploads\/2022\/01\/270658674.jpg 1024w, https:\/\/www.grandhotelmoriaz.com\/wp-content\/uploads\/2022\/01\/270658674-300x225.jpg 300w, https:\/\/www.grandhotelmoriaz.com\/wp-content\/uploads\/2022\/01\/270658674-768x576.jpg 768w\" sizes=\"(max-width: 1024px) 100vw, 1024px\" \/><div class=\"wp-block-cover__inner-container\">\n<p class=\"has-text-align-center has-large-font-size\"><\/p>\n<\/div><\/div>\n<\/div>\n<\/div>\n\n\n\n<div style=\"height:81px\" aria-hidden=\"true\" class=\"wp-block-spacer\"><\/div>\n\n\n\n<div class=\"wp-container-69f1a80c74481 wp-block-group boxage_small\"><div class=\"wp-block-group__inner-container\">\n<h2 class=\"has-text-align-center\" id=\"fa-icon-icon-fal-fa-island-tropical-zimmer-mit-meerblick\"><i class=\"fal fa-island-tropical\"><\/i><br>Zimmer mit Meerblick<\/h2>\n\n\n\n<p>Die 20 hellen und klimatisierten Zimmer des Grand H\u00f4tel Moriaz sind alle individuell und geschmackvoll eingerichtet und verf\u00fcgen \u00fcber eine Terrasse mit Gartenm\u00f6beln und eine gehobene Ausstattung:<\/p>\n\n\n\n<ul><li>Badezimmer mit Badewanne oder Dusche,<\/li><li>Flachbildfernseher,<\/li><li>Kostenloser Wi-Fi-Anschluss im gesamten Hotel,<\/li><li>W\u00e4schereiservice,<\/li><li>Friseur, Apotheke und Arzt auf Anfrage.<\/li><\/ul>\n\n\n\n<p>Im Erdgeschoss erwartet Sie unser Restaurant in einem ger\u00e4umigen, blumengeschm\u00fcckten Salon, der mit gem\u00fctlichen Rattansesseln und kostbaren Paravents ausgestattet ist. Sie werden in einer geselligen Atmosph\u00e4re direkt am Strand empfangen. Lust auf einen Drink in der Sonne?<\/p>\n\n\n\n<p>Unsere Terrasse vor dem Strand steht Ihnen zur Verf\u00fcgung, um einen erfrischenden Pastis oder einen vom Barkeeper erdachten hausgemachten Cocktail zu schl\u00fcrfen. Feinschmecker und Naschkatzen k\u00f6nnen mediterrane Gerichte bestellen, die vom K\u00fcchenchef gekonnt neu interpretiert werden, oder Fisch und Schalentiere des Tages, die einfach gegrillt werden.<\/p>\n<\/div><\/div>\n\n\n\n<div class=\"wp-block-columns m-60-a\">\n<div class=\"wp-block-column\" style=\"flex-basis:65%\">\n<div class=\"wp-container-69f1a80c74860 wp-block-group boxage\"><div class=\"wp-block-group__inner-container\">\n<h2 class=\"has-text-align-left\" id=\"hotel-mit-reserviertem-strand-entdecken-sie-die-cote-d-azur-varoise\">Hotel mit reserviertem Strand, entdecken Sie die C\u00f4te d&#8217;Azur Varoise.<\/h2>\n\n\n\n<p>Das Var bietet sch\u00f6ne Spazierg\u00e4nge und zahlreiche Entdeckungen!<br>Sportler finden alle Wassersportarten: Parasailing, Flyboard\u2026 Nicht zu vergessen die Jetski-Touren bis zum Fort de Br\u00e9gan\u00e7on oder die Umrundung des Cap N\u00e8gre. Sind Sie ein Fan von Wanderungen? Entdecken Sie zu Fu\u00df oder mit dem Fahrrad die lokale Flora und Fauna am Fu\u00dfe des Massif des Maures.<\/p>\n\n\n\n<p>Wenn Sie sich eher f\u00fcr einen Stadtbummel entscheiden, entdecken Sie Le Lavandou und schlendern Sie \u00fcber die M\u00e4rkte mit Kunsthandwerkern und Bioproduzenten oder lassen Sie sich mit ge\u00f6ffneten Zehen an den 12 Str\u00e4nden von Le Lavandou verw\u00f6hnen! und verpassen Sie nicht die Villa Th\u00e9o, ein Kunstzentrum im Viertel Saint Clair.<\/p>\n\n\n\n<p>Nostalgiker werden durch die gepflasterten Gassen der authentischen D\u00f6rfer wie Saint-Tropez, Collobri\u00e8res und Ramatuelle gehen. Nach einem ereignisreichen Tag genie\u00dfen sie ein feines Abendessen, das von unserem Chefkoch zusammengestellt wurde, und wer wei\u00df, vielleicht haben sie Lust auf ein Mitternachtsbad am reservierten Strand des Hotels, bevor sie in ihr ruhiges Zimmer gehen.<\/p>\n\n\n\n<p>Buchen Sie Ihren Aufenthalt und entdecken Sie die Region Var mit Blick auf das Mittelmeer, zwischen dem Azurblau des Himmels und dem T\u00fcrkis des Wassers! Von Fr\u00fchling bis Herbst empf\u00e4ngt Sie unser <a href=\"https:\/\/www.grandhotelmoriaz.com\/de\/hotel-lavandou\/\" data-type=\"page\" data-id=\"2571\">Hotel in Le Lavandou<\/a> f\u00fcr einen unvergesslichen Aufenthalt in der Provence, mit gebuchtem Strand Lavandou, zahlreichen Aktivit\u00e4ten, in einer privilegierten Umgebung.<\/p>\n<\/div><\/div>\n<\/div>\n\n\n\n<div class=\"wp-block-column\" style=\"flex-basis:35%\">\n<div class=\"wp-block-image\"><figure class=\"alignright size-full\"><img width=\"600\" height=\"400\" src=\"https:\/\/www.grandhotelmoriaz.com\/wp-content\/uploads\/2022\/01\/Rectangle-27.jpg\" alt=\"\" class=\"wp-image-335\" srcset=\"https:\/\/www.grandhotelmoriaz.com\/wp-content\/uploads\/2022\/01\/Rectangle-27.jpg 600w, https:\/\/www.grandhotelmoriaz.com\/wp-content\/uploads\/2022\/01\/Rectangle-27-300x200.jpg 300w\" sizes=\"(max-width: 600px) 100vw, 600px\" \/><\/figure><\/div>\n<\/div>\n<\/div>\n\n\n\n<div class=\"wp-container-69f1a80c74f91 wp-block-group m-80-a\"><div class=\"wp-block-group__inner-container\">\n<p class=\"has-text-align-center\">Grand H\u00f4tel Moriaz<\/p>\n\n\n\n<p class=\"has-text-align-center\">Ruhe, Meer &amp; Sonne<\/p>\n\n\n\n<div class=\"wp-container-69f1a80c74c9b wp-block-buttons\">\n<div class=\"wp-block-button\"><a class=\"wp-block-button__link\" href=\"https:\/\/secure.reservit.com\/fo\/booking\/2\/169442\/dates?langcode=FR\">Ein Zimmer buchen<i class=\"far fa-concierge-bell\"><\/i><\/a><\/div>\n<\/div>\n<\/div><\/div>\n","protected":false},"excerpt":{"rendered":"<p>Hotel mit Privatstrand an der C\u00f4te d&#8217;azur Ein idyllischer Aufenthalt in unserem Hotel mit Privatstrand in Le Lavandou. Im Grand H\u00f4tel Moriaz und seinem reservierten Strand in Le Lavandou haben Sie einen direkten Zugang zum Meer! Vergessen Sie das Auto oder sogar das Fahrrad, der Strand liegt direkt vor der Haust\u00fcr des Hotels. Liegestuhl, Sonnenschirm, [&hellip;]<\/p>\n","protected":false},"author":1,"featured_media":2164,"parent":0,"menu_order":0,"comment_status":"closed","ping_status":"closed","template":"","meta":[],"acf":[],"_links":{"self":[{"href":"https:\/\/www.grandhotelmoriaz.com\/de\/wp-json\/wp\/v2\/pages\/2380"}],"collection":[{"href":"https:\/\/www.grandhotelmoriaz.com\/de\/wp-json\/wp\/v2\/pages"}],"about":[{"href":"https:\/\/www.grandhotelmoriaz.com\/de\/wp-json\/wp\/v2\/types\/page"}],"author":[{"embeddable":true,"href":"https:\/\/www.grandhotelmoriaz.com\/de\/wp-json\/wp\/v2\/users\/1"}],"replies":[{"embeddable":true,"href":"https:\/\/www.grandhotelmoriaz.com\/de\/wp-json\/wp\/v2\/comments?post=2380"}],"version-history":[{"count":6,"href":"https:\/\/www.grandhotelmoriaz.com\/de\/wp-json\/wp\/v2\/pages\/2380\/revisions"}],"predecessor-version":[{"id":3641,"href":"https:\/\/www.grandhotelmoriaz.com\/de\/wp-json\/wp\/v2\/pages\/2380\/revisions\/3641"}],"wp:featuredmedia":[{"embeddable":true,"href":"https:\/\/www.grandhotelmoriaz.com\/de\/wp-json\/wp\/v2\/media\/2164"}],"wp:attachment":[{"href":"https:\/\/www.grandhotelmoriaz.com\/de\/wp-json\/wp\/v2\/media?parent=2380"}],"curies":[{"name":"wp","href":"https:\/\/api.w.org\/{rel}","templated":true}]}}