{"id":2571,"date":"2024-03-28T09:42:55","date_gmt":"2024-03-28T08:42:55","guid":{"rendered":"https:\/\/www.grandhotelmoriaz.com\/?page_id=2571"},"modified":"2025-07-01T09:39:09","modified_gmt":"2025-07-01T07:39:09","slug":"hotel-lavandou","status":"publish","type":"page","link":"https:\/\/www.grandhotelmoriaz.com\/de\/hotel-lavandou\/","title":{"rendered":"Lavandou hotel DE"},"content":{"rendered":"\n<div class=\"wp-block-columns m-100-b\">\n<div class=\"wp-block-column\">\n<div class=\"wp-container-69e1892c68fd1 wp-block-group\"><div class=\"wp-block-group__inner-container\">\n<h1 class=\"has-text-align-left boxage_medium\" id=\"aufenthalt-in-einem-hotel-in-le-lavandou\">Aufenthalt in einem Hotel in Le Lavandou<\/h1>\n\n\n\n<p><strong>Le Lavandou<\/strong> ist ein ideales Urlaubsziel f\u00fcr alle, die erhabene Str\u00e4nde, Wassersportaktivit\u00e4ten und unber\u00fchrte Naturr\u00e4ume lieben. In einer idyllischen Umgebung gelegen, bietet das <strong>Grand H\u00f4tel Moriaz in Le Lavandou<\/strong> eine wahre Oase der Ruhe und optimalen Komfort f\u00fcr einen Aufenthalt zu zweit oder mit der Familie <strong>am Mittelmeer<\/strong>.<\/p>\n\n\n\n<div style=\"height:50px\" aria-hidden=\"true\" class=\"wp-block-spacer\"><\/div>\n\n\n\n<h2 id=\"komfort-und-entspannung-in-unserem-hotel-in-le-lavandou-am-meer\">Komfort und Entspannung in unserem Hotel in Le Lavandou am Meer<\/h2>\n\n\n\n<p>W\u00e4hrend des Urlaubs sch\u00e4tzen Sie sch\u00f6ne Aussichten, Ruhe, Komfort und die Strandpromenade? Dann entdecken Sie ohne weitere Verz\u00f6gerung das wundersch\u00f6ne <strong>Grand H\u00f4tel Moriaz in Le Lavandou<\/strong>. Diese Hotelanlage<strong> 3 Sterne<\/strong> genie\u00dft eine privilegierte Lage in Le Lavandou im <strong>Var<\/strong>.<\/p>\n\n\n\n<p>Dieses<strong> familienfreundliche Hotel<\/strong> liegt n\u00e4mlich am <strong>Ufer des Strandes von Cavali\u00e8re<\/strong>, einem der letzten unber\u00fchrten Str\u00e4nde der C\u00f4te d&#8217;Azur. Diese gro\u00dfe und wundersch\u00f6ne Fl\u00e4che mit feinem Sand, die auch &#8220;<strong>die Sportliche<\/strong>&#8221; genannt wird, bietet die M\u00f6glichkeit, eine Vielzahl von Wassersportaktivit\u00e4ten auszu\u00fcben.<\/p>\n\n\n\n<p>Genie\u00dfen Sie w\u00e4hrend Ihres Aufenthalts einen Privatstrand in Le Lavandou mit direktem Zugang vom Hotel aus. Nach Lust und Laune erreichen Sie ganz einfach das <strong>Meeresufer <\/strong>f\u00fcr einen Moment der absoluten Entspannung. Bewundern Sie das glasklare, glitzernde Wasser, den azurblauen Himmel und den<strong> atemberaubenden Blick auf die \u00celes d&#8217;Or <\/strong>, die goldenen<a href=\"https:\/\/www.grandhotelmoriaz.com\/de\/alentours\/das-museum-aussergewohnliche-stiftung-auf-der-insel-porquerolles\/\"> Inseln Porquerolles<\/a>, \u00cele du Levant und <strong><a href=\"https:\/\/www.grandhotelmoriaz.com\/de\/alentours\/port-cros\/\">Port-Cros<\/a><\/strong>.<\/p>\n\n\n\n<p>Dar\u00fcber hinaus befindet sich das Grand H\u00f4tel Moriaz<strong>e nur 6 km vom Zentrum von Le Lavandou<\/strong> entfernt. Eine gute Gelegenheit, alle Sch\u00e4tze dieses provenzalischen Dorfes zwischen Toulon und Saint-Tropez zu entdecken. Schlie\u00dflich profitieren Sie w\u00e4hrend Ihres Aufenthalts im <strong>Hotel in Le Lavandou am Meer<\/strong> von zahlreichen Dienstleistungen f\u00fcr einen Urlaub mit allem Komfort: ein f\u00fcr die Bewohner reservierter Strand, kostenloser WLAN-Anschluss, eine kleine Bibliothek und verschiedene Vermietungen. Nicht zu vergessen in der N\u00e4he Ihrer <strong>Ferienunterkunft<\/strong> das Vorhandensein einer Stroms\u00e4ule zum Aufladen Ihres Fahrzeugs, eines Friseursalons, einer Apotheke usw.<\/p>\n\n\n\n<div class=\"wp-container-69e1892c68c8a wp-block-buttons\">\n<div class=\"wp-block-button\"><a class=\"wp-block-button__link\" href=\"https:\/\/www.grandhotelmoriaz.com\/de\/zimmer\/\">Zimmer<\/a><\/div>\n<\/div>\n<\/div><\/div>\n<\/div>\n\n\n\n<div class=\"wp-block-column\">\n<div class=\"wp-block-cover\" style=\"min-height:200px\"><span aria-hidden=\"true\" class=\"has-background-dim-0 wp-block-cover__gradient-background has-background-dim\"><\/span><img width=\"1024\" height=\"683\" class=\"wp-block-cover__image-background wp-image-2197\" alt=\"restaurant lavandou hotel moriaz \" src=\"https:\/\/www.grandhotelmoriaz.com\/wp-content\/uploads\/2023\/06\/grand-hotel-moriaz_interieur_restaurant-2.jpg\" style=\"object-position:48% 53%\" data-object-fit=\"cover\" data-object-position=\"48% 53%\" srcset=\"https:\/\/www.grandhotelmoriaz.com\/wp-content\/uploads\/2023\/06\/grand-hotel-moriaz_interieur_restaurant-2.jpg 1024w, https:\/\/www.grandhotelmoriaz.com\/wp-content\/uploads\/2023\/06\/grand-hotel-moriaz_interieur_restaurant-2-300x200.jpg 300w, https:\/\/www.grandhotelmoriaz.com\/wp-content\/uploads\/2023\/06\/grand-hotel-moriaz_interieur_restaurant-2-768x512.jpg 768w\" sizes=\"(max-width: 1024px) 100vw, 1024px\" \/><div class=\"wp-block-cover__inner-container\">\n<p class=\"has-text-align-center has-large-font-size\"><\/p>\n<\/div><\/div>\n<\/div>\n<\/div>\n\n\n\n<div class=\"wp-block-columns m-60-a\">\n<div class=\"wp-block-column\" style=\"flex-basis:60%\">\n<div class=\"wp-container-69e1892c697b6 wp-block-group boxage_medium\"><div class=\"wp-block-group__inner-container\">\n<div style=\"height:30px\" aria-hidden=\"true\" class=\"wp-block-spacer\"><\/div>\n\n\n\n<h3 id=\"entdecken-sie-die-zimmer-und-das-restaurant-in-le-lavandou\">Entdecken Sie die Zimmer und das Restaurant in Le Lavandou<\/h3>\n\n\n\n<p>Im Grand H\u00f4tel Moriaz genie\u00dfen Sie, wo immer Sie auch sind, einen herrlichen <strong>Ausblick auf das Mittelmeer<\/strong>. Wenn Sie die Fensterl\u00e4den Ihres Zimmers \u00f6ffnen oder vom Restaurant des Hotels aus, bewundern Sie die sch\u00f6ne Natur der Umgebung.<\/p>\n\n\n\n<p>Die Zimmer des Grand H\u00f4tel Moriaz bieten einen<strong> atemberaubenden Blick auf die Bucht von Cavali\u00e8re<\/strong>. Genie\u00dfen Sie ein Zimmer mit Terrasse, Klimaanlage, Flachbildfernseher und Badezimmer mit WC, Dusche oder Badewanne. Verweilen Sie in diesem sehr komfortablen und liebevoll eingerichteten Privatbereich und erreichen Sie in nur wenigen Schritten das klare und warme Wasser des Meeres.<\/p>\n\n\n\n<h3 id=\"mediterrane-kuche-mit-meerblick-geniessen\">Mediterrane K\u00fcche mit Meerblick genie\u00dfen<\/h3>\n\n\n\n<p>Besucher sch\u00e4tzen auch das <strong>Restaurant <\/strong>in Le Lavandou am Meer, das sich im Inneren des Hotels befindet. Lassen Sie sich auf der Panoramaterrasse mit Blick auf die <strong>\u00celes d&#8217;Or <\/strong>nieder und genie\u00dfen Sie<strong> eine mediterrane K\u00fcche <\/strong>, die vor Ort zubereitet wird. Das Team des Restaurants legt gro\u00dfen Wert darauf, Ihnen abwechslungsreiche Men\u00fcs mit frischen Produkten aus der Region anzubieten. Sie werden den gem\u00fctlichen Charme des Restaurants und den herzlichen Empfang, der Ihnen bereitet wird, zu sch\u00e4tzen wissen. Fr\u00fchst\u00fcck, Mittag- und Abendessen werden in diesem eleganten und raffinierten Lokal serviert.<\/p>\n\n\n\n<p>Nach dem Essen nutzen Sie die N\u00e4he zum <a href=\"https:\/\/www.grandhotelmoriaz.com\/de\/privatstrand-franzosische-riviera\/\" data-type=\"page\" data-id=\"2380\">Strand<\/a>, um sich einen Moment der Entspannung am reservierten Strand zu g\u00f6nnen und eine einzigartige Erfahrung in Le Lavandou zu machen.<\/p>\n\n\n\n<div class=\"wp-container-69e1892c694a6 wp-block-buttons\">\n<div class=\"wp-block-button\"><a class=\"wp-block-button__link\" href=\"https:\/\/www.grandhotelmoriaz.com\/de\/restaurant\/\">Restaurant<\/a><\/div>\n<\/div>\n<\/div><\/div>\n<\/div>\n\n\n\n<div class=\"wp-block-column\" style=\"flex-basis:40%\">\n<div class=\"wp-block-image\"><figure class=\"alignright size-full\"><img width=\"700\" height=\"450\" src=\"https:\/\/www.grandhotelmoriaz.com\/wp-content\/uploads\/2022\/01\/chambre-vue-sur-mer-moriaz2-700x450-1.jpg\" alt=\"Chambre Vue Sur Mer hotel lavandou\" class=\"wp-image-813\" srcset=\"https:\/\/www.grandhotelmoriaz.com\/wp-content\/uploads\/2022\/01\/chambre-vue-sur-mer-moriaz2-700x450-1.jpg 700w, https:\/\/www.grandhotelmoriaz.com\/wp-content\/uploads\/2022\/01\/chambre-vue-sur-mer-moriaz2-700x450-1-300x193.jpg 300w\" sizes=\"(max-width: 700px) 100vw, 700px\" \/><\/figure><\/div>\n<\/div>\n<\/div>\n\n\n\n<div style=\"height:50px\" aria-hidden=\"true\" class=\"wp-block-spacer\"><\/div>\n\n\n\n<div class=\"wp-block-columns m-70-a\">\n<div class=\"wp-block-column\" style=\"flex-basis:25%\">\n<figure class=\"wp-block-image size-large\"><img width=\"1024\" height=\"768\" src=\"https:\/\/www.grandhotelmoriaz.com\/wp-content\/uploads\/2022\/05\/restaurant-en-bord-de-mer--1024x768.jpg\" alt=\"\" class=\"wp-image-2175\" srcset=\"https:\/\/www.grandhotelmoriaz.com\/wp-content\/uploads\/2022\/05\/restaurant-en-bord-de-mer--1024x768.jpg 1024w, https:\/\/www.grandhotelmoriaz.com\/wp-content\/uploads\/2022\/05\/restaurant-en-bord-de-mer--300x225.jpg 300w, https:\/\/www.grandhotelmoriaz.com\/wp-content\/uploads\/2022\/05\/restaurant-en-bord-de-mer--768x576.jpg 768w, https:\/\/www.grandhotelmoriaz.com\/wp-content\/uploads\/2022\/05\/restaurant-en-bord-de-mer-.jpg 1280w\" sizes=\"(max-width: 1024px) 100vw, 1024px\" \/><\/figure>\n\n\n\n<p>Restaurant mit Meerblick<\/p>\n<\/div>\n\n\n\n<div class=\"wp-block-column\" style=\"flex-basis:25%\">\n<figure class=\"wp-block-image size-large\"><img width=\"1024\" height=\"768\" src=\"https:\/\/www.grandhotelmoriaz.com\/wp-content\/uploads\/2024\/09\/Terrasse-26-aout-2024-1024x768.jpg\" alt=\"hotel lavandou bord de mer\" class=\"wp-image-3349\" srcset=\"https:\/\/www.grandhotelmoriaz.com\/wp-content\/uploads\/2024\/09\/Terrasse-26-aout-2024-1024x768.jpg 1024w, https:\/\/www.grandhotelmoriaz.com\/wp-content\/uploads\/2024\/09\/Terrasse-26-aout-2024-300x225.jpg 300w, https:\/\/www.grandhotelmoriaz.com\/wp-content\/uploads\/2024\/09\/Terrasse-26-aout-2024-768x576.jpg 768w, https:\/\/www.grandhotelmoriaz.com\/wp-content\/uploads\/2024\/09\/Terrasse-26-aout-2024-1536x1152.jpg 1536w, https:\/\/www.grandhotelmoriaz.com\/wp-content\/uploads\/2024\/09\/Terrasse-26-aout-2024.jpg 2016w\" sizes=\"(max-width: 1024px) 100vw, 1024px\" \/><\/figure>\n\n\n\n<p>Hotel mit Privatstrand<\/p>\n<\/div>\n\n\n\n<div class=\"wp-block-column\" style=\"flex-basis:15%\">\n<figure class=\"wp-block-image size-full\"><img width=\"1024\" height=\"683\" src=\"https:\/\/www.grandhotelmoriaz.com\/wp-content\/uploads\/2022\/01\/199688012.jpg\" alt=\"hotel restaurant le lavandou jacuzzi\" class=\"wp-image-879\" srcset=\"https:\/\/www.grandhotelmoriaz.com\/wp-content\/uploads\/2022\/01\/199688012.jpg 1024w, https:\/\/www.grandhotelmoriaz.com\/wp-content\/uploads\/2022\/01\/199688012-300x200.jpg 300w, https:\/\/www.grandhotelmoriaz.com\/wp-content\/uploads\/2022\/01\/199688012-768x512.jpg 768w\" sizes=\"(max-width: 1024px) 100vw, 1024px\" \/><\/figure>\n\n\n\n<p>Jacuzzi<\/p>\n<\/div>\n\n\n\n<div class=\"wp-block-column\" style=\"flex-basis:34%\">\n<div class=\"wp-container-69e1892c69d5a wp-block-group\"><div class=\"wp-block-group__inner-container\">\n<h2 id=\"dienstleistungen-und-aktivitaten-des-hotels-in-le-lavandou\">Dienstleistungen und Aktivit\u00e4ten des Hotels in Le Lavandou<\/h2>\n\n\n\n<h3 id=\"komfort-und-services-fur-einen-sorgenfreien-aufenthalt\">Komfort und Services f\u00fcr einen sorgenfreien Aufenthalt<\/h3>\n\n\n\n<p>\u00dcbernachten Sie im Grand H\u00f4tel Moriaz und profitieren Sie von zahlreichen Leistungen f\u00fcr einen <strong>vergesslichen Urlaub in Le Lavandou<\/strong>. Diese <strong>3-Sterne-Hotelanlage <\/strong>verf\u00fcgt \u00fcber einen reservierten Strand, der sich am Fu\u00dfe Ihres Zimmers befindet, wo Sie zahlreiche Wassersportaktivit\u00e4ten aus\u00fcben k\u00f6nnen.<\/p>\n\n\n\n<p>Der Strand von Cavali\u00e8re ist n\u00e4mlich daf\u00fcr bekannt, ein Spot f\u00fcr Liebhaber von Gleitsportarten und <strong>Wassersport<\/strong> zu sein. W\u00e4hrend Ihres Aufenthalts in Le Lavandou k\u00f6nnen Sie nach Lust und Laune alle Freuden des Wassers genie\u00dfen. Das Grand H\u00f4tel Moriaz bietet Ihnen den Verleih von Matratzen und Sonnenschirmen, damit Sie es sich auf dem <strong>privatisierten Strand<\/strong> gem\u00fctlich machen k\u00f6nnen.<\/p>\n\n\n\n<h3 id=\"praktische-einrichtungen-und-freizeitmoglichkeiten\">Praktische Einrichtungen und Freizeitm\u00f6glichkeiten<\/h3>\n\n\n\n<p>Nutzen Sie auch den W\u00e4scheservice, kostenloses WLAN im gesamten Geb\u00e4ude, einen geschlossenen Parkplatz f\u00fcr Ihr Fahrzeug und eine Motorradgarage. In der N\u00e4he des Hotels haben Sie Zugang zu einer Stroms\u00e4ule, an der Sie Ihr Auto aufladen k\u00f6nnen, und zu einem gro\u00dfen, kostenlosen \u00f6ffentlichen Parkplatz.<\/p>\n\n\n\n<p>Au\u00dferdem ist dieses <strong>Hotel am Meer<\/strong> ideal, um von zahlreichen Aktivit\u00e4ten in einer zauberhaften Umgebung zu profitieren: die \u00celes d&#8217;Or erkunden, Delfine sehen, das 6 km entfernte Le Lavandou besuchen usw.<\/p>\n<\/div><\/div>\n<\/div>\n<\/div>\n\n\n\n<div style=\"height:100px\" aria-hidden=\"true\" class=\"wp-block-spacer\"><\/div>\n\n\n\n<div class=\"wp-block-columns m-90-a\">\n<div class=\"wp-block-column\" style=\"flex-basis:66.66%\">\n<div class=\"wp-container-69e1892c6a19f wp-block-group boxage_medium\"><div class=\"wp-block-group__inner-container\">\n<div style=\"height:40px\" aria-hidden=\"true\" class=\"wp-block-spacer\"><\/div>\n\n\n\n<h2 id=\"wie-kann-man-einen-aufenthalt-in-le-lavandou-im-grand-hotel-moriaz-buchen\">Wie kann man einen Aufenthalt in Le Lavandou im Grand Hotel Moriaz buchen?<\/h2>\n\n\n\n<p>Nichts einfacher als das. Sie k\u00f6nnen entweder direkt mit dem Hotel telefonisch unter 04 94 05 80 01 Kontakt aufnehmen oder direkt \u00fcber unsere Website eine Buchung vornehmen.<\/p>\n\n\n\n<p>Sichern Sie sich einen <strong>g\u00fcnstigen Preis <\/strong>, indem Sie wahlweise ein Doppel- oder Dreibettzimmer <strong>mit Meerblick<\/strong> oder ein Doppelzimmer mit Blick auf die H\u00fcgel buchen. Sichern Sie sich ein attraktives Angebot inklusive Fr\u00fchst\u00fcck und s<strong>\u00fcbernachten Sie mit den F\u00fc\u00dfen im Wasser<\/strong> am Ufer des Mittelmeers.<\/p>\n\n\n\n<p>Das <strong>Grand Hotel Moriaz<\/strong> befindet sich im Herzen des <a href=\"https:\/\/www.grandhotelmoriaz.com\/de\/alentours\/lavandou-tourismusburo\/\">Tourismus<\/a> in <a href=\"https:\/\/www.grandhotelmoriaz.com\/de\/alentours\/lavandou-tourismusburo\/\">Le Lavandou<\/a> und ist das ideale <strong>Hotel in Le Lavandou<\/strong> f\u00fcr einen unvergesslichen Aufenthalt. Entdecken Sie die ber\u00fchmte <a href=\"https:\/\/www.grandhotelmoriaz.com\/de\/alentours\/museum-in-lavandou-villa-theo\/\">Villa Th\u00e9o<\/a> in der N\u00e4he und nutzen Sie Wassersportaktivit\u00e4ten wie <strong>Jetski<\/strong>, um das kristallklare Wasser von Le <a href=\"https:\/\/www.grandhotelmoriaz.com\/de\/alentours\/lavandou\/\">Lavandou<\/a> zu erkunden. Mit einer au\u00dfergew\u00f6hnlichen Umgebung und einem erstklassigen Service wird dieses Hotel all Ihre Erwartungen f\u00fcr einen perfekten Urlaub erf\u00fcllen.<\/p>\n<\/div><\/div>\n<\/div>\n\n\n\n<div class=\"wp-block-column\" style=\"flex-basis:33.33%\">\n<div class=\"wp-container-69e1892c6a531 wp-block-group\"><div class=\"wp-block-group__inner-container\">\n<p class=\"legende\">Hotel Lavandou<\/p>\n\n\n\n<figure class=\"wp-block-image size-large\"><img width=\"768\" height=\"1024\" src=\"https:\/\/www.grandhotelmoriaz.com\/wp-content\/uploads\/2024\/06\/plage-du-13-juin-2024-768x1024.jpg\" alt=\"Grand H\u00f4tel Moriaz : Plage \" class=\"wp-image-2979\" srcset=\"https:\/\/www.grandhotelmoriaz.com\/wp-content\/uploads\/2024\/06\/plage-du-13-juin-2024-768x1024.jpg 768w, https:\/\/www.grandhotelmoriaz.com\/wp-content\/uploads\/2024\/06\/plage-du-13-juin-2024-225x300.jpg 225w, https:\/\/www.grandhotelmoriaz.com\/wp-content\/uploads\/2024\/06\/plage-du-13-juin-2024-1152x1536.jpg 1152w, https:\/\/www.grandhotelmoriaz.com\/wp-content\/uploads\/2024\/06\/plage-du-13-juin-2024-1536x2048.jpg 1536w, https:\/\/www.grandhotelmoriaz.com\/wp-content\/uploads\/2024\/06\/plage-du-13-juin-2024-scaled.jpg 1920w\" sizes=\"(max-width: 768px) 100vw, 768px\" \/><\/figure>\n<\/div><\/div>\n<\/div>\n<\/div>\n\n\n\n<div style=\"height:100px\" aria-hidden=\"true\" class=\"wp-block-spacer\"><\/div>\n\n\n\n<div class=\"wp-block-columns section-pictos\">\n<div class=\"wp-block-column\" style=\"flex-basis:40%\">\n<div class=\"wp-container-69e1892c6a964 wp-block-group boxage\"><div class=\"wp-block-group__inner-container\">\n<h3 id=\"urlaub-in-le-lavandou-an-der-mittelmeerkuste-machen\">Urlaub in Le Lavandou an der Mittelmeerk\u00fcste machen<\/h3>\n\n\n\n<p>Das Grand H\u00f4tel Moriaz genie\u00dft eine privilegierte Lage, da es sich in <strong><a href=\"https:\/\/www.grandhotelmoriaz.com\/de\/alentours\/cavaliere-le-lavandou\/\">Cavali\u00e8re <\/a><\/strong>in der Gemeinde Le Lavandou befindet. Nur wenige Schritte von Ihrer Ferienunterkunft entfernt, haben Sie Zugang zu unz\u00e4hligen Wassersportm\u00f6glichkeiten. Ob Sie nun auf Nervenkitzel oder sanftere <strong><a href=\"https:\/\/www.grandhotelmoriaz.com\/de\/animationen-und-aktivitaten\/\">Aktivit\u00e4ten <\/a><\/strong>stehen, Sie haben nur wenige Schritte von Ihrem Hotel in Le Lavandou entfernt die Qual der Wahl: Parasailing, Paddeln, Segeln, Kajak, Katamaran, <a href=\"https:\/\/www.grandhotelmoriaz.com\/de\/alentours\/jetski-lavandou\/\" data-type=\"alentours\" data-id=\"2245\">Jetski<\/a>, Kajak, Tauchen und vieles mehr.<\/p>\n\n\n\n<p>Dar\u00fcber hinaus befindet sich das Grand H\u00f4tel Moriaz in der Avenue du<a href=\"https:\/\/www.grandhotelmoriaz.com\/de\/alentours\/cap-negre-frankreich\/\"> <strong>Cap N\u00e8gre<\/strong><\/a>. Dieses kleine Kap in der Gemeinde Le Lavandou ist ein felsiges Vorgebirge, ein nat\u00fcrlicher und gesch\u00fctzter Ort, der steile Klippen und kristallklares Wasser bietet, die bei Strand- und Wanderliebhabern bekannt sind. <strong>Gegen\u00fcber dem Cap N\u00e8gre<\/strong> k\u00f6nnen Sie den Blick auf die Insel Porquerolles genie\u00dfen. Diese Insel bildet zusammen mit <strong>Port-Cros<\/strong> und der \u00cele du Levant die \u00celes d&#8217;Or.<\/p>\n\n\n\n<p>Verpassen Sie w\u00e4hrend Ihres Aufenthalts nicht einen Besuch auf diesen <strong>Juwelen des Mittelmeers<\/strong>, wahren Oasen der Ruhe mit einer bemerkenswerten Flora und Fauna.<\/p>\n<\/div><\/div>\n<\/div>\n\n\n\n<div class=\"wp-block-column is-vertically-aligned-center photo-highlight\" style=\"flex-basis:20%\">\n<div class=\"wp-block-image\"><figure class=\"aligncenter size-large\"><img width=\"819\" height=\"1024\" src=\"https:\/\/www.grandhotelmoriaz.com\/wp-content\/uploads\/2024\/06\/Grand-Hotel-Moriaz-Lavandou-19-819x1024.jpg\" alt=\"\" class=\"wp-image-3052\" srcset=\"https:\/\/www.grandhotelmoriaz.com\/wp-content\/uploads\/2024\/06\/Grand-Hotel-Moriaz-Lavandou-19-819x1024.jpg 819w, https:\/\/www.grandhotelmoriaz.com\/wp-content\/uploads\/2024\/06\/Grand-Hotel-Moriaz-Lavandou-19-240x300.jpg 240w, https:\/\/www.grandhotelmoriaz.com\/wp-content\/uploads\/2024\/06\/Grand-Hotel-Moriaz-Lavandou-19-768x960.jpg 768w, https:\/\/www.grandhotelmoriaz.com\/wp-content\/uploads\/2024\/06\/Grand-Hotel-Moriaz-Lavandou-19-1229x1536.jpg 1229w, https:\/\/www.grandhotelmoriaz.com\/wp-content\/uploads\/2024\/06\/Grand-Hotel-Moriaz-Lavandou-19.jpg 1536w\" sizes=\"(max-width: 819px) 100vw, 819px\" \/><\/figure><\/div>\n\n\n\n<p><\/p>\n<\/div>\n\n\n\n<div class=\"wp-block-column is-vertically-aligned-center\" style=\"flex-basis:40%\">\n<div class=\"wp-container-69e1892c6adb2 wp-block-group boxage\"><div class=\"wp-block-group__inner-container\">\n<h3 id=\"entdecken-sie-die-umgebung-von-le-lavandou\">Entdecken Sie die Umgebung von Le Lavandou<\/h3>\n\n\n\n<p>20 km von Le Lavandou entfernt zieht <strong>Cavalaire sur Mer<\/strong> Urlauber wegen seines wundersch\u00f6nen, langen Sandstrandes vor der Kulisse der Pradels-Kette an. Dieses Paradies zieht Familien und Liebhaber von Gleitsportarten, insbesondere Segeln, in seinen Bann.<\/p>\n\n\n\n<p>Besuchen Sie ein paar Kilometer weiter eines der sch\u00f6nsten D\u00f6rfer im D\u00e9partement Var, <strong><a href=\"https:\/\/www.grandhotelmoriaz.com\/de\/alentours\/saint-tropez-2\/\">Saint-Tropez<\/a><\/strong>. Schlendern Sie durch die Altstadt, \u00fcber den bunten alten Hafen, wo traditionelle Boote neben den gr\u00f6\u00dften Yachten liegen. Genie\u00dfen Sie auch die feinen Sandstr\u00e4nde und schattigen Buchten f\u00fcr unvergessliche Momente der Entspannung.<\/p>\n\n\n\n<p>Das <strong>Grand Hotel Moriaz in Le Lavandou<\/strong> bietet eine perfekte Atmosph\u00e4re f\u00fcr eine erholsame \u00fcbernachtung an der K\u00fcste. Mit modernen Hotelzimmern, die f\u00fcr Komfort und Eleganz stehen, garantiert es einen unvergesslichen Aufenthalt. Ob Sie einen Aufenthalt mit Selbsteinsch\u00e4tzung planen oder eine Detail-orientierte Reise bevorzugen, das Hotel bietet alles, was Sie brauchen. Der Durchschnittspreis entspricht einem ausgezeichneten Preis-Leistungs-Verh\u00e4ltnis, und es gibt keine versteckten Kosten. Flexible Agb sorgen f\u00fcr ein sorgenfreies Buchungserlebnis, das auf die Bed\u00fcrfnisse jedes Kunde abgestimmt ist. Entspannen Sie nach einem langen Tag am Strand und genie\u00dfen Sie den Charme dieser einmaligen Unterkunft.<\/p>\n<\/div><\/div>\n<\/div>\n<\/div>\n\n\n\n<div style=\"height:100px\" aria-hidden=\"true\" class=\"wp-block-spacer\"><\/div>\n","protected":false},"excerpt":{"rendered":"<p>Aufenthalt in einem Hotel in Le Lavandou Le Lavandou ist ein ideales Urlaubsziel f\u00fcr alle, die erhabene Str\u00e4nde, Wassersportaktivit\u00e4ten und unber\u00fchrte Naturr\u00e4ume lieben. In einer idyllischen Umgebung gelegen, bietet das Grand H\u00f4tel Moriaz in Le Lavandou eine wahre Oase der Ruhe und optimalen Komfort f\u00fcr einen Aufenthalt zu zweit oder mit der Familie am Mittelmeer. [&hellip;]<\/p>\n","protected":false},"author":1,"featured_media":2169,"parent":0,"menu_order":0,"comment_status":"closed","ping_status":"closed","template":"","meta":[],"acf":[],"_links":{"self":[{"href":"https:\/\/www.grandhotelmoriaz.com\/de\/wp-json\/wp\/v2\/pages\/2571"}],"collection":[{"href":"https:\/\/www.grandhotelmoriaz.com\/de\/wp-json\/wp\/v2\/pages"}],"about":[{"href":"https:\/\/www.grandhotelmoriaz.com\/de\/wp-json\/wp\/v2\/types\/page"}],"author":[{"embeddable":true,"href":"https:\/\/www.grandhotelmoriaz.com\/de\/wp-json\/wp\/v2\/users\/1"}],"replies":[{"embeddable":true,"href":"https:\/\/www.grandhotelmoriaz.com\/de\/wp-json\/wp\/v2\/comments?post=2571"}],"version-history":[{"count":6,"href":"https:\/\/www.grandhotelmoriaz.com\/de\/wp-json\/wp\/v2\/pages\/2571\/revisions"}],"predecessor-version":[{"id":4050,"href":"https:\/\/www.grandhotelmoriaz.com\/de\/wp-json\/wp\/v2\/pages\/2571\/revisions\/4050"}],"wp:featuredmedia":[{"embeddable":true,"href":"https:\/\/www.grandhotelmoriaz.com\/de\/wp-json\/wp\/v2\/media\/2169"}],"wp:attachment":[{"href":"https:\/\/www.grandhotelmoriaz.com\/de\/wp-json\/wp\/v2\/media?parent=2571"}],"curies":[{"name":"wp","href":"https:\/\/api.w.org\/{rel}","templated":true}]}}