{"id":1114,"date":"2022-03-09T15:39:40","date_gmt":"2022-03-09T14:39:40","guid":{"rendered":"https:\/\/www.grandhotelmoriaz.com\/the-services\/"},"modified":"2025-06-26T11:40:14","modified_gmt":"2025-06-26T09:40:14","slug":"services-hotel-lavandou","status":"publish","type":"page","link":"https:\/\/www.grandhotelmoriaz.com\/en\/services-hotel-lavandou\/","title":{"rendered":". Services"},"content":{"rendered":"\n<div class=\"wp-block-columns m-100-b\">\n<div class=\"wp-block-column\">\n<h1 class=\"boxage_medium\" id=\"services-at-our-hotel-in-le-lavandou-hotel-cavaliere-on-the-cote-d-azur\">Services at our hotel in Le Lavandou  <br><span>H\u00f4tel Cavali\u00e8re<\/span> on the C\u00f4te d&#8217;Azur<\/h1>\n\n\n\n<div class=\"wp-container-69de529b1310e wp-block-group\"><div class=\"wp-block-group__inner-container\">\n<p>The Grand H\u00f4tel Moriaz offers a host of services for a&nbsp;<strong>comfortable holiday<\/strong>&nbsp;in Le Lavandou. Stay in touch with loved ones thanks to&nbsp;<strong>free Internet connection<\/strong>&nbsp;en&nbsp;<strong>Wifi<\/strong>&nbsp;throughout&nbsp;<a href=\"https:\/\/www.grandhotelmoriaz.com\/en\/the-restaurant\/\" data-type=\"page\" data-id=\"1106\">the hotel restaurant le Lavandou<\/a>, including in the rooms and enjoy&nbsp;the<strong>&nbsp;reserved beach<\/strong>&nbsp;at the Hotel.<\/p>\n\n\n\n<p>Stay at our\u00a0<a href=\"https:\/\/www.grandhotelmoriaz.com\/en\/lavandou-hotel\/\" data-type=\"page\" data-id=\"2525\">3-star hotel in Le Lavandou<\/a>, a town and seaside resort in the Var, 2 km from the sandy beaches. Enjoy our sea-view rooms, overlooking the\u00a0<strong>Baie de <a href=\"https:\/\/www.grandhotelmoriaz.com\/en\/alentours\/cavaliere-sur-plage\/\">Cavali\u00e8re<\/a><\/strong>.<\/p>\n\n\n\n<p>We offer comfortable rooms in a quiet, refined setting on the banks of the <strong>Mediterranean<\/strong>. You will be welcomed into an environment with all the advantages of modern comfort.<\/p>\n<\/div><\/div>\n<\/div>\n\n\n\n<div class=\"wp-block-column\">\n<div class=\"wp-block-cover is-light\" style=\"min-height:200px\"><span aria-hidden=\"true\" class=\"has-background-dim-0 wp-block-cover__gradient-background has-background-dim\"><\/span><img width=\"1024\" height=\"683\" class=\"wp-block-cover__image-background wp-image-998\" alt=\"Grand H\u00f4tel Moriaz : Interieur Restaurant\" src=\"https:\/\/www.grandhotelmoriaz.com\/wp-content\/uploads\/2022\/02\/interieur_restaurant.jpg\" style=\"object-position:83% 43%\" data-object-fit=\"cover\" data-object-position=\"83% 43%\" srcset=\"https:\/\/www.grandhotelmoriaz.com\/wp-content\/uploads\/2022\/02\/interieur_restaurant.jpg 1024w, https:\/\/www.grandhotelmoriaz.com\/wp-content\/uploads\/2022\/02\/interieur_restaurant-300x200.jpg 300w, https:\/\/www.grandhotelmoriaz.com\/wp-content\/uploads\/2022\/02\/interieur_restaurant-768x512.jpg 768w\" sizes=\"(max-width: 1024px) 100vw, 1024px\" \/><div class=\"wp-block-cover__inner-container\">\n<p class=\"has-text-align-center has-large-font-size\"><\/p>\n<\/div><\/div>\n<\/div>\n<\/div>\n\n\n\n<div style=\"height:90px\" aria-hidden=\"true\" class=\"wp-block-spacer\"><\/div>\n\n\n\n<div class=\"wp-block-columns boxage section-pictos\">\n<div class=\"wp-block-column\" style=\"flex-basis:30%\">\n<div class=\"wp-container-69de529b13593 wp-block-group boxage\"><div class=\"wp-block-group__inner-container\">\n<h2 class=\"has-text-align-left\" id=\"3-star-services-at-our-hotel-in-le-lavandou\">3-star services at our hotel in Le Lavandou<\/h2>\n\n\n\n<p>Stay at the Grand H\u00f4tel Moriaz and enjoy a haven of peace in Le Lavandou. Our<strong> 3-star seaside establishment<\/strong> offers a full range of services to make your stay as comfortable as possible.<\/p>\n\n\n\n<ul><li>Large public car park, free of charge<\/li><li>Free <strong>motorcycle garage<\/strong><\/li><li><strong>Taxi <\/strong>reservations<\/li><li><strong>Letter boxes<\/strong> and <strong>Postal services<\/strong><\/li><li>Fax\/Internet (<strong>WIFI<\/strong>)<\/li><li><strong>Safe<\/strong><\/li><\/ul>\n<\/div><\/div>\n<\/div>\n\n\n\n<div class=\"wp-block-column photo-highlight\" style=\"flex-basis:30%\">\n<div class=\"wp-block-image\"><figure class=\"aligncenter size-large\"><img width=\"768\" height=\"1024\" src=\"https:\/\/www.grandhotelmoriaz.com\/wp-content\/uploads\/2024\/06\/Grand-Hotel-Moriaz-Lavandou-20-768x1024.jpg\" alt=\"jet ski lavandou french riviera\" class=\"wp-image-3053\" srcset=\"https:\/\/www.grandhotelmoriaz.com\/wp-content\/uploads\/2024\/06\/Grand-Hotel-Moriaz-Lavandou-20-768x1024.jpg 768w, https:\/\/www.grandhotelmoriaz.com\/wp-content\/uploads\/2024\/06\/Grand-Hotel-Moriaz-Lavandou-20-225x300.jpg 225w, https:\/\/www.grandhotelmoriaz.com\/wp-content\/uploads\/2024\/06\/Grand-Hotel-Moriaz-Lavandou-20-1152x1536.jpg 1152w, https:\/\/www.grandhotelmoriaz.com\/wp-content\/uploads\/2024\/06\/Grand-Hotel-Moriaz-Lavandou-20-1536x2048.jpg 1536w, https:\/\/www.grandhotelmoriaz.com\/wp-content\/uploads\/2024\/06\/Grand-Hotel-Moriaz-Lavandou-20-scaled.jpg 1920w\" sizes=\"(max-width: 768px) 100vw, 768px\" \/><\/figure><\/div>\n\n\n\n<p>Services for comfortable holidays<\/p>\n<\/div>\n\n\n\n<div class=\"wp-block-column is-vertically-aligned-center\" style=\"flex-basis:40%\">\n<div class=\"wp-container-69de529b13933 wp-block-group boxage\"><div class=\"wp-block-group__inner-container\">\n<ul><li><strong>Desktop computer<\/strong> and <strong>printer<\/strong> available<\/li><li><strong>Reception<\/strong><\/li><li><strong>Photocopier<\/strong><\/li><li><strong>Bowles balls<\/strong> available free of charge from reception<\/li><li><strong>Small library<\/strong>, French \u2013 English \u2013 German<\/li><li><strong>Jacuzzi<\/strong><\/li><li><strong>Dogs<\/strong> welcome<\/li><\/ul>\n<\/div><\/div>\n<\/div>\n<\/div>\n\n\n\n<div style=\"height:170px\" aria-hidden=\"true\" class=\"wp-block-spacer spacer3\"><\/div>\n\n\n\n<div class=\"wp-block-columns m-70-a\">\n<div class=\"wp-block-column\" style=\"flex-basis:25%\">\n<figure class=\"wp-block-image size-full\"><img width=\"465\" height=\"501\" src=\"https:\/\/www.grandhotelmoriaz.com\/wp-content\/uploads\/2022\/01\/Rectangle-13.jpg\" alt=\"jet ski french riviera\" class=\"wp-image-306\" srcset=\"https:\/\/www.grandhotelmoriaz.com\/wp-content\/uploads\/2022\/01\/Rectangle-13.jpg 465w, https:\/\/www.grandhotelmoriaz.com\/wp-content\/uploads\/2022\/01\/Rectangle-13-278x300.jpg 278w\" sizes=\"(max-width: 465px) 100vw, 465px\" \/><\/figure>\n\n\n\n<p>Numerous water sports activities<br>close to the hotel<\/p>\n<\/div>\n\n\n\n<div class=\"wp-block-column\" style=\"flex-basis:25%\">\n<figure class=\"wp-block-image size-large\"><img width=\"1024\" height=\"682\" src=\"https:\/\/www.grandhotelmoriaz.com\/wp-content\/uploads\/2022\/01\/voiture-electrique-branchee-1024x682.jpeg\" alt=\"electrical terminal lavandou\" class=\"wp-image-896\" srcset=\"https:\/\/www.grandhotelmoriaz.com\/wp-content\/uploads\/2022\/01\/voiture-electrique-branchee-1024x682.jpeg 1024w, https:\/\/www.grandhotelmoriaz.com\/wp-content\/uploads\/2022\/01\/voiture-electrique-branchee-300x200.jpeg 300w, https:\/\/www.grandhotelmoriaz.com\/wp-content\/uploads\/2022\/01\/voiture-electrique-branchee-768x511.jpeg 768w, https:\/\/www.grandhotelmoriaz.com\/wp-content\/uploads\/2022\/01\/voiture-electrique-branchee.jpeg 1200w\" sizes=\"(max-width: 1024px) 100vw, 1024px\" \/><\/figure>\n\n\n\n<p>Electrical terminal at 60m<\/p>\n<\/div>\n\n\n\n<div class=\"wp-block-column\" style=\"flex-basis:15%\">\n<figure class=\"wp-block-image size-full\"><img width=\"305\" height=\"501\" src=\"https:\/\/www.grandhotelmoriaz.com\/wp-content\/uploads\/2022\/01\/Rectangle-15.jpg\" alt=\"french riviera hotel\" class=\"wp-image-310\" srcset=\"https:\/\/www.grandhotelmoriaz.com\/wp-content\/uploads\/2022\/01\/Rectangle-15.jpg 305w, https:\/\/www.grandhotelmoriaz.com\/wp-content\/uploads\/2022\/01\/Rectangle-15-183x300.jpg 183w\" sizes=\"(max-width: 305px) 100vw, 305px\" \/><\/figure>\n\n\n\n<p>Various <strong>services <\/strong>in the neighborhood<\/p>\n<\/div>\n\n\n\n<div class=\"wp-block-column\" style=\"flex-basis:34%\">\n<div class=\"wp-container-69de529b13f8e wp-block-group\"><div class=\"wp-block-group__inner-container\">\n<h2 class=\"has-text-align-left\" id=\"fa-icon-icon-fal-fa-map-marker-plus-services-a-proximite\">Services in the vicinity<\/h2>\n\n\n\n<p>Take advantage of the practical services close to the Grand H\u00f4tel Moriaz, in the heart of Le Lavandou :<\/p>\n\n\n\n<ul><li><strong>Large public car park, free of charge<\/strong><\/li><li><strong>Electrical terminal<\/strong> at 60m<\/li><li><strong>Health<\/strong>: Doctors, Pharmacy<\/li><li><strong>Hairdressers<\/strong><\/li><\/ul>\n<\/div><\/div>\n<\/div>\n<\/div>\n\n\n\n<div style=\"height:59px\" aria-hidden=\"true\" class=\"wp-block-spacer spacer2\"><\/div>\n\n\n\n<div class=\"wp-block-columns m-60-a\">\n<div class=\"wp-block-column\" style=\"flex-basis:60%\">\n<div class=\"wp-container-69de529b144dd wp-block-group boxage_medium\"><div class=\"wp-block-group__inner-container\">\n<p class=\"etiquette\">3 star services <i class=\"fas fa-star\"><\/i> <i class=\"fas fa-star\"><\/i> <i class=\"fas fa-star\"><\/i><\/p>\n\n\n\n<h2 id=\"additional-hotel-services\">Additional hotel services<\/h2>\n\n\n\n<div class=\"wp-block-columns\">\n<div class=\"wp-block-column\" style=\"flex-basis:50%\">\n<h3 id=\"hotel-laundry-service\">Hotel laundry service<\/h3>\n\n\n\n<p> <strong>Laundry <\/strong>for the next day, if given in the morning :<\/p>\n\n\n\n<ul><li>Shirts, trousers, dresses, skirts, shorts, t-shirts<\/li><li>Swimming costume, bath sheet<\/li><li>Underwear<\/li><li>Dry-cleaned in two days<\/li><\/ul>\n<\/div>\n\n\n\n<div class=\"wp-block-column\" style=\"flex-basis:50%\">\n<h3 id=\"hotel-services\">Hotel Services<\/h3>\n\n\n\n<ul><li><strong>Mattress and parasol hire<\/strong> on our reserved beach: beach towels provided at \u20ac34 per day, for 2 people<\/li><li><strong>Pay parking<\/strong> (limited spaces) &#8211; \u20ac25 per day<\/li><li><strong>Dog allowed<\/strong>, not fed &#8211; \u20ac15<\/li><\/ul>\n<\/div>\n<\/div>\n<\/div><\/div>\n<\/div>\n\n\n\n<div class=\"wp-block-column\" style=\"flex-basis:40%\">\n<div class=\"wp-block-image\"><figure class=\"alignright size-large\"><img width=\"1024\" height=\"715\" src=\"https:\/\/www.grandhotelmoriaz.com\/wp-content\/uploads\/2024\/06\/Grand-Hotel-Moriaz-Lavandou-18-1024x715.jpg\" alt=\"jet ski hotel lavandou\" class=\"wp-image-3047\" srcset=\"https:\/\/www.grandhotelmoriaz.com\/wp-content\/uploads\/2024\/06\/Grand-Hotel-Moriaz-Lavandou-18-1024x715.jpg 1024w, https:\/\/www.grandhotelmoriaz.com\/wp-content\/uploads\/2024\/06\/Grand-Hotel-Moriaz-Lavandou-18-300x209.jpg 300w, https:\/\/www.grandhotelmoriaz.com\/wp-content\/uploads\/2024\/06\/Grand-Hotel-Moriaz-Lavandou-18-768x536.jpg 768w, https:\/\/www.grandhotelmoriaz.com\/wp-content\/uploads\/2024\/06\/Grand-Hotel-Moriaz-Lavandou-18-1536x1072.jpg 1536w, https:\/\/www.grandhotelmoriaz.com\/wp-content\/uploads\/2024\/06\/Grand-Hotel-Moriaz-Lavandou-18.jpg 1920w\" sizes=\"(max-width: 1024px) 100vw, 1024px\" \/><\/figure><\/div>\n<\/div>\n<\/div>\n\n\n\n<div style=\"height:51px\" aria-hidden=\"true\" class=\"wp-block-spacer\"><\/div>\n\n\n\n<div class=\"wp-block-columns m-90-a\">\n<div class=\"wp-block-column\" style=\"flex-basis:66.66%\">\n<div class=\"wp-container-69de529b149e0 wp-block-group boxage_medium\"><div class=\"wp-block-group__inner-container\">\n<p class=\"etiquette\">3 star French Riviera hotel <i class=\"fas fa-star\"><\/i> <i class=\"fas fa-star\"><\/i> <i class=\"fas fa-star\"><\/i>   <\/p>\n\n\n\n<h2 id=\"stay-at-our-hotel-in-le-lavandou\">Stay at our hotel in Le Lavandou<\/h2>\n\n\n\n<p>Le\u00a0<strong>Lavandou<\/strong>, in the Var department in\u00a0<strong>Provence-Alpes-C\u00f4te d&#8217;Azur<\/strong>, is a popular tourist destination, renowned for its seaside water activities and <strong>12\u00a0beaches\u00a0of sand<\/strong>. The\u00a0<strong>water activities\u00a0<\/strong>in Lavandou are many and varied, not forgetting games on the sand: volleyball, beach soccer and p\u00e9tanque.<\/p>\n\n\n\n<p>Discovering Le Lavandou means discovering\u00a0<strong>the Provencal atmosphere<\/strong>\u00a0with its typical cuisine, markets with the scent of the south, cicadas, fine sandy beaches. Set off to discover the <strong>iles d&#8217;or<\/strong>\u00a0: <strong><a href=\"https:\/\/www.grandhotelmoriaz.com\/en\/alentours\/port-cros\/\" data-type=\"URL\" data-id=\"https:\/\/www.grandhotelmoriaz.com\/en\/alentours\/port-cros\/\">Port Cros island<\/a><\/strong>, <strong><a href=\"https:\/\/www.grandhotelmoriaz.com\/en\/alentours\/porquerolles-island\/\">Porquerolles island<\/a><\/strong>. On your boat trip, you may be surprised to see dolphins offshore, or catch a glimpse of the local fishermen: the pescadous. Around\u00a0<strong>the Lavandou hotel<\/strong>\u00a0spa, go on an excursion to the Domaine de la Rayol, <strong><a href=\"https:\/\/www.grandhotelmoriaz.com\/en\/alentours\/tourism-bormes-les-mimosas\/\" data-type=\"URL\" data-id=\"https:\/\/www.grandhotelmoriaz.com\/en\/alentours\/tourism-bormes-les-mimosas\/\">Bormes les Mimosas<\/a><\/strong>.<\/p>\n\n\n\n<div style=\"height:47px\" aria-hidden=\"true\" class=\"wp-block-spacer\"><\/div>\n\n\n\n<h2 id=\"discover-le-lavandou\">Discover Le Lavandou<\/h2>\n\n\n\n<p>Le <strong>Lavandou<\/strong>, in the <strong>Provence-Alpes-C\u00f4te d&#8217;Azur<\/strong> region, is a popular tourist destination, renowned for its seaside water sports and 12 sandy beaches. There are many and varied <strong>water sports activities <\/strong>in Le Lavandou, not forgetting games on the sand: volleyball, beach soccer and p\u00e9tanque.<\/p>\n\n\n\n<p>Discovering Le Lavandou means discovering <strong>the Proven\u00e7al atmosphere<\/strong> with its typical cuisine, markets with the scent of the south, cicadas and fine sandy beaches. Discover the <strong>golden islands<\/strong>: Port Cros and <strong>Porquerolles<\/strong>. On your boat trip, you may be surprised to see dolphins offshore, or to catch a glimpse of the local fishermen: the pescadous. Around the <strong>Lavandou<\/strong> spa <strong>hotel<\/strong>, take an excursion to the Domaine du Rayol, <strong>Bormes les Mimosas<\/strong>.<\/p>\n\n\n\n<p>Situated<strong> on the Mediterranean coast of<\/strong> the Var, <strong>Le Lavandou<\/strong> enjoys a Mediterranean climate and a hot summer. You can also enjoy a calm atmosphere that allows you to spend relaxing moments and visit sites in Le <strong>Lavandou<\/strong>.<\/p>\n\n\n\n<p>During your <strong>holiday in Le Lavandou<\/strong>, discover the many tourist sites and activities available near our hotel for children and families: <strong><a href=\"https:\/\/www.grandhotelmoriaz.com\/en\/alentours\/jet-ski-in-lavandou-on-the-beach-of-cavaliere\/\">Jet skiing<\/a><\/strong>, water skiing, tennis, parasailing, sailing, paddle, windsurfing, etc.<\/p>\n\n\n\n<p><a href=\"https:\/\/www.grandhotelmoriaz.com\/en\/the-restaurant\/\" data-type=\"page\" data-id=\"1106\">Restaurant <i class=\"fas fa-chevron-right\"><\/i><\/a><\/p>\n\n\n\n<div style=\"height:21px\" aria-hidden=\"true\" class=\"wp-block-spacer\"><\/div>\n<\/div><\/div>\n<\/div>\n\n\n\n<div class=\"wp-block-column\" style=\"flex-basis:33.33%\">\n<div class=\"wp-container-69de529b14d3f wp-block-group\"><div class=\"wp-block-group__inner-container\">\n<p class=\"legende\">Waterfront hotel in the <strong>French Riviera<\/strong><\/p>\n\n\n\n<figure class=\"wp-block-image size-large\"><img width=\"683\" height=\"1024\" src=\"https:\/\/www.grandhotelmoriaz.com\/wp-content\/uploads\/2024\/06\/Grand-Hotel-Moriaz-Lavandou-24-683x1024.jpg\" alt=\"lavandou french riviera\" class=\"wp-image-2994\" srcset=\"https:\/\/www.grandhotelmoriaz.com\/wp-content\/uploads\/2024\/06\/Grand-Hotel-Moriaz-Lavandou-24-683x1024.jpg 683w, https:\/\/www.grandhotelmoriaz.com\/wp-content\/uploads\/2024\/06\/Grand-Hotel-Moriaz-Lavandou-24-200x300.jpg 200w, https:\/\/www.grandhotelmoriaz.com\/wp-content\/uploads\/2024\/06\/Grand-Hotel-Moriaz-Lavandou-24-768x1152.jpg 768w, https:\/\/www.grandhotelmoriaz.com\/wp-content\/uploads\/2024\/06\/Grand-Hotel-Moriaz-Lavandou-24-1024x1536.jpg 1024w, https:\/\/www.grandhotelmoriaz.com\/wp-content\/uploads\/2024\/06\/Grand-Hotel-Moriaz-Lavandou-24-1365x2048.jpg 1365w, https:\/\/www.grandhotelmoriaz.com\/wp-content\/uploads\/2024\/06\/Grand-Hotel-Moriaz-Lavandou-24-scaled.jpg 1707w\" sizes=\"(max-width: 683px) 100vw, 683px\" \/><\/figure>\n<\/div><\/div>\n<\/div>\n<\/div>\n","protected":false},"excerpt":{"rendered":"<p>Services at our hotel in Le Lavandou H\u00f4tel Cavali\u00e8re on the C\u00f4te d&#8217;Azur The Grand H\u00f4tel Moriaz offers a host of services for a&nbsp;comfortable holiday&nbsp;in Le Lavandou. Stay in touch with loved ones thanks to&nbsp;free Internet connection&nbsp;en&nbsp;Wifi&nbsp;throughout&nbsp;the hotel restaurant le Lavandou, including in the rooms and enjoy&nbsp;the&nbsp;reserved beach&nbsp;at the Hotel. Stay at our\u00a03-star hotel in [&hellip;]<\/p>\n","protected":false},"author":1,"featured_media":1188,"parent":0,"menu_order":0,"comment_status":"closed","ping_status":"closed","template":"","meta":[],"acf":[],"_links":{"self":[{"href":"https:\/\/www.grandhotelmoriaz.com\/en\/wp-json\/wp\/v2\/pages\/1114"}],"collection":[{"href":"https:\/\/www.grandhotelmoriaz.com\/en\/wp-json\/wp\/v2\/pages"}],"about":[{"href":"https:\/\/www.grandhotelmoriaz.com\/en\/wp-json\/wp\/v2\/types\/page"}],"author":[{"embeddable":true,"href":"https:\/\/www.grandhotelmoriaz.com\/en\/wp-json\/wp\/v2\/users\/1"}],"replies":[{"embeddable":true,"href":"https:\/\/www.grandhotelmoriaz.com\/en\/wp-json\/wp\/v2\/comments?post=1114"}],"version-history":[{"count":6,"href":"https:\/\/www.grandhotelmoriaz.com\/en\/wp-json\/wp\/v2\/pages\/1114\/revisions"}],"predecessor-version":[{"id":4001,"href":"https:\/\/www.grandhotelmoriaz.com\/en\/wp-json\/wp\/v2\/pages\/1114\/revisions\/4001"}],"wp:featuredmedia":[{"embeddable":true,"href":"https:\/\/www.grandhotelmoriaz.com\/en\/wp-json\/wp\/v2\/media\/1188"}],"wp:attachment":[{"href":"https:\/\/www.grandhotelmoriaz.com\/en\/wp-json\/wp\/v2\/media?parent=1114"}],"curies":[{"name":"wp","href":"https:\/\/api.w.org\/{rel}","templated":true}]}}