{"id":1138,"date":"2022-03-09T16:25:56","date_gmt":"2022-03-09T15:25:56","guid":{"rendered":"https:\/\/www.grandhotelmoriaz.com\/private-beach\/"},"modified":"2024-12-10T09:34:41","modified_gmt":"2024-12-10T08:34:41","slug":"private-beach","status":"publish","type":"page","link":"https:\/\/www.grandhotelmoriaz.com\/en\/private-beach\/","title":{"rendered":". Private beach"},"content":{"rendered":"\n<div class=\"wp-block-columns m-100-b\">\n<div class=\"wp-block-column\">\n<h1 class=\"boxage_medium\" id=\"hotel-with-direct-access-to-the-sea-in-le-lavandou-var\">Hotel with direct access to the sea in Le Lavandou, Var<\/h1>\n\n\n\n<div class=\"wp-container-6a041e0121042 wp-block-group\"><div class=\"wp-block-group__inner-container\">\n<p>At the<strong> <\/strong><a href=\"https:\/\/www.grandhotelmoriaz.com\/en\/lavandou-hotel\/\" data-type=\"page\" data-id=\"2525\">Grand H\u00f4tel Moriaz in Le Lavandou<\/a>, you have <strong>direct access to the sea<\/strong>! Forget the car or even the bike, the beach is just a stone&#8217;s throw from the hotel. Deckchairs, parasols, everything you need for a relaxing moment with the family or as a couple. All you need is a good book, your sunglasses and some sand games.<\/p>\n\n\n\n<div style=\"height:30px\" aria-hidden=\"true\" class=\"wp-block-spacer\"><\/div>\n\n\n\n<h2 id=\"an-idyllic-stay-in-our-seaside-hotel-in-le-lavandou\">An idyllic stay in our seaside hotel in Le Lavandou<\/h2>\n\n\n\n<p>Just a stone&#8217;s throw from Le <strong><a href=\"https:\/\/www.grandhotelmoriaz.com\/en\/alentours\/lavandou\/\" data-type=\"alentours\" data-id=\"1169\">Lavandou<\/a><\/strong>, on the famous <strong>French Riviera<\/strong>, lies the cove of Cavali\u00e8re, which jealously guards our <strong>3-star<\/strong> hotel with <strong>reserved beach<\/strong>. With its feet in the water, the Grand H\u00f4tel Moriaz is a residence with azure-blue shutters that welcomes holidaymakers in search of <strong>idleness <\/strong>and <a href=\"https:\/\/www.grandhotelmoriaz.com\/en\/alentours\/lavandou-tourist-office\/\" data-type=\"alentours\" data-id=\"1173\">tourism<\/a> from April to September.At the Grand H\u00f4tel Moriaz in Le Lavandou, you have direct access to the sea! Forget the car or even the bike, the beach is just a stone&#8217;s throw from the hotel. Deckchairs, parasols, everything you need for a relaxing moment with the family or as a couple. All you need is a good book, your sunglasses and some sand games.<br><br>Just a stone&#8217;s throw from Le Lavandou, on the famous French Riviera, lies the cove of Cavali\u00e8re, which jealously guards our 3-star hotel with reserved beach. With its feet in the water, the Grand H\u00f4tel Moriaz is a residence with azure-blue shutters that welcomes holidaymakers in search of idleness and tourism from April to September.<\/p>\n\n\n\n<p>In addition to our direct access to the sea, discover Cavali\u00e8re beach and its many water sports activities: parasailing, jet skiing, water skiing&#8230; There&#8217;s something for everyone!<br>Not far from our hotel, there are many <strong>walks and hikes<\/strong> on offer. Discover the wild paths of the Maures massif or take a trip to the medieval villages of the Var hinterland.<\/p>\n<\/div><\/div>\n<\/div>\n\n\n\n<div class=\"wp-block-column\">\n<div class=\"wp-block-cover is-light\" style=\"min-height:200px\"><span aria-hidden=\"true\" class=\"has-background-dim-0 wp-block-cover__gradient-background has-background-dim\"><\/span><img width=\"2016\" height=\"1512\" class=\"wp-block-cover__image-background wp-image-3348\" alt=\"hotel lavandou bord de mer\" src=\"https:\/\/www.grandhotelmoriaz.com\/wp-content\/uploads\/2024\/09\/Terrasse-26-aout-2024.jpg\" style=\"object-position:51% 57%\" data-object-fit=\"cover\" data-object-position=\"51% 57%\" srcset=\"https:\/\/www.grandhotelmoriaz.com\/wp-content\/uploads\/2024\/09\/Terrasse-26-aout-2024.jpg 2016w, https:\/\/www.grandhotelmoriaz.com\/wp-content\/uploads\/2024\/09\/Terrasse-26-aout-2024-300x225.jpg 300w, https:\/\/www.grandhotelmoriaz.com\/wp-content\/uploads\/2024\/09\/Terrasse-26-aout-2024-1024x768.jpg 1024w, https:\/\/www.grandhotelmoriaz.com\/wp-content\/uploads\/2024\/09\/Terrasse-26-aout-2024-768x576.jpg 768w, https:\/\/www.grandhotelmoriaz.com\/wp-content\/uploads\/2024\/09\/Terrasse-26-aout-2024-1536x1152.jpg 1536w\" sizes=\"(max-width: 2016px) 100vw, 2016px\" \/><div class=\"wp-block-cover__inner-container\">\n<p class=\"has-text-align-center has-large-font-size\"><\/p>\n<\/div><\/div>\n<\/div>\n<\/div>\n\n\n\n<div style=\"height:81px\" aria-hidden=\"true\" class=\"wp-block-spacer\"><\/div>\n\n\n\n<div class=\"wp-block-columns m-70-a\">\n<div class=\"wp-block-column\" style=\"flex-basis:25%\">\n<figure class=\"wp-block-image size-full\"><img width=\"427\" height=\"640\" src=\"https:\/\/www.grandhotelmoriaz.com\/wp-content\/uploads\/2022\/03\/sun-5459234_640.jpg\" alt=\"plage lavandou var cote d'Azur\" class=\"wp-image-3182\" srcset=\"https:\/\/www.grandhotelmoriaz.com\/wp-content\/uploads\/2022\/03\/sun-5459234_640.jpg 427w, https:\/\/www.grandhotelmoriaz.com\/wp-content\/uploads\/2022\/03\/sun-5459234_640-200x300.jpg 200w\" sizes=\"(max-width: 427px) 100vw, 427px\" \/><\/figure>\n\n\n\n<p><\/p>\n<\/div>\n\n\n\n<div class=\"wp-block-column\" style=\"flex-basis:25%\">\n<figure class=\"wp-block-image size-full\"><img width=\"1024\" height=\"768\" src=\"https:\/\/www.grandhotelmoriaz.com\/wp-content\/uploads\/2022\/01\/270658705.jpg\" alt=\"spa hotel var\" class=\"wp-image-851\" srcset=\"https:\/\/www.grandhotelmoriaz.com\/wp-content\/uploads\/2022\/01\/270658705.jpg 1024w, https:\/\/www.grandhotelmoriaz.com\/wp-content\/uploads\/2022\/01\/270658705-300x225.jpg 300w, https:\/\/www.grandhotelmoriaz.com\/wp-content\/uploads\/2022\/01\/270658705-768x576.jpg 768w\" sizes=\"(max-width: 1024px) 100vw, 1024px\" \/><\/figure>\n<\/div>\n\n\n\n<div class=\"wp-block-column\" style=\"flex-basis:34%\">\n<div class=\"wp-container-6a041e012188c wp-block-group\"><div class=\"wp-block-group__inner-container\">\n<h2 id=\"sea-view-rooms-in-our-waterfront-hotel-var\">Sea view rooms in our waterfront hotel, Var<\/h2>\n\n\n\n<p>Bright and air-conditioned, the 20 sea-view or street-view rooms at the Grand H\u00f4tel Moriaz are each tastefully decorated and feature a terrace with garden furniture and top-of-the-range amenities:<\/p>\n\n\n\n<ul><li>Bathroom with bath or shower,<\/li><li>Flat-screen TV,<\/li><li>Free Wi-Fi connection throughout the hotel,<\/li><li>Laundry services,<\/li><li>Hairdresser, chemist and doctor on request.<\/li><\/ul>\n\n\n\n<p>On the ground floor, our restaurant awaits you in a <strong>spacious flower-filled lounge, <\/strong>furnished with cosy rattan armchairs and precious screens. You&#8217;ll be welcomed into a<strong> friendly atmosphere right on the beach<\/strong>.<\/p>\n\n\n\n<p>Fancy a drink in the sun? Our <strong>terrace with sea views <\/strong>is the perfect place to sip a refreshing pastis or a house cocktail devised by our barman. As for gourmets and gourmands, they will have the opportunity to order Mediterranean dishes from the <strong>restaurant <\/strong>, skilfully revisited by the chef, or simply grilled fish and shellfish of the day. <\/p>\n\n\n\n<div class=\"wp-container-6a041e012159b wp-block-buttons\">\n<div class=\"wp-block-button\"><a class=\"wp-block-button__link\" href=\"https:\/\/www.grandhotelmoriaz.com\/en\/the-rooms\/\">Rooms<\/a><\/div>\n<\/div>\n<\/div><\/div>\n<\/div>\n<\/div>\n\n\n\n<div class=\"wp-block-columns m-60-a\">\n<div class=\"wp-block-column\" style=\"flex-basis:65%\">\n<div class=\"wp-container-6a041e0121d16 wp-block-group boxage\"><div class=\"wp-block-group__inner-container\">\n<h2 id=\"hotel-with-reserved-beach-discover-the-cote-d-azur-varoise\"><strong>Hotel with reserved beach, discover the C\u00f4te d&#8217;Azur Varoise<\/strong><\/h2>\n\n\n\n<p>The Var is a great place for walking and exploring!<br>Sports enthusiasts will find a wide range of <strong>water-based activities<\/strong>, including parasailing and flyboarding, not to mention <a href=\"https:\/\/www.grandhotelmoriaz.com\/en\/alentours\/jet-ski-in-lavandou-on-the-beach-of-cavaliere\/\">jet-skiing<\/a> to Fort Br\u00e9gan\u00e7on and round Cap N\u00e8gre. Keen on hiking? Set off on foot or by bike to discover the local flora and fauna at the foot of the Maures massif.<\/p>\n\n\n\n<p>If you&#8217;re more of a town stroller, discover Le Lavandou and stroll around the <strong>craft<\/strong> and organic produce <strong>markets<\/strong>, or have a good time, toes in the air, on Le Lavandou&#8217;s 12 <a href=\"https:\/\/www.grandhotelmoriaz.com\/en\/hotel-cavaliere-plage\/\">beaches <\/a>! And don&#8217;t miss Villa Th\u00e9o, an art centre in the Saint Clair district.The Var is a great place for walking and exploring!<br>Sports enthusiasts will find a wide range of water-based activities, including parasailing and flyboarding, not to mention jet-skiing to Fort Br\u00e9gan\u00e7on and round Cap N\u00e8gre. Keen on hiking? Set off on foot or by bike to discover the local flora and fauna at the foot of the Maures massif.<br><br>If you&#8217;re more of a town stroller, discover Le Lavandou and stroll around the craft and organic produce markets, or have a good time, toes in the air, on Le Lavandou&#8217;s 12 beaches ! And don&#8217;t miss Villa Th\u00e9o, an art centre in the Saint Clair district.<\/p>\n\n\n\n<p>Nostalgic travellers will want to explore the cobbled streets of <strong>authentic villages such as Saint-Tropez, Collobri\u00e8res and Ramatuelle<\/strong>. After a busy day, they can enjoy a fine dinner concocted by our Chef and, who knows, they might even fancy a midnight swim on the <strong>hotel&#8217;s reserved beach <\/strong>before returning to their quiet room.<\/p>\n\n\n\n<p>From spring to autumn, our hotel in Le Lavandou welcomes you for an unforgettable stay in Provence, with <strong>a<\/strong> beach reserved for Le Lavandou and a host of activities in a privileged setting.<\/p>\n<\/div><\/div>\n<\/div>\n\n\n\n<div class=\"wp-block-column\" style=\"flex-basis:35%\">\n<div class=\"wp-block-image\"><figure class=\"alignright size-full\"><img width=\"600\" height=\"400\" src=\"https:\/\/www.grandhotelmoriaz.com\/wp-content\/uploads\/2022\/01\/Rectangle-27.jpg\" alt=\"hotel spa lavandou\" class=\"wp-image-335\" srcset=\"https:\/\/www.grandhotelmoriaz.com\/wp-content\/uploads\/2022\/01\/Rectangle-27.jpg 600w, https:\/\/www.grandhotelmoriaz.com\/wp-content\/uploads\/2022\/01\/Rectangle-27-300x200.jpg 300w\" sizes=\"(max-width: 600px) 100vw, 600px\" \/><\/figure><\/div>\n<\/div>\n<\/div>\n\n\n\n<div class=\"wp-container-6a041e0122401 wp-block-group m-80-a\"><div class=\"wp-block-group__inner-container\">\n<p class=\"has-text-align-center\">Grand H\u00f4tel Moriaz<\/p>\n\n\n\n<p class=\"has-text-align-center\">Tranquility, sea &amp; sun<\/p>\n\n\n\n<div class=\"wp-container-6a041e0122117 wp-block-buttons\">\n<div class=\"wp-block-button\"><a class=\"wp-block-button__link\" href=\"https:\/\/secure.reservit.com\/fo\/booking\/2\/169442\/dates\" target=\"_blank\" rel=\"noreferrer noopener\">Book a room <i class=\"far fa-concierge-bell\"><\/i><\/a><\/div>\n<\/div>\n<\/div><\/div>\n","protected":false},"excerpt":{"rendered":"<p>Hotel with direct access to the sea in Le Lavandou, Var At the Grand H\u00f4tel Moriaz in Le Lavandou, you have direct access to the sea! Forget the car or even the bike, the beach is just a stone&#8217;s throw from the hotel. Deckchairs, parasols, everything you need for a relaxing moment with the family [&hellip;]<\/p>\n","protected":false},"author":1,"featured_media":1987,"parent":0,"menu_order":0,"comment_status":"closed","ping_status":"closed","template":"","meta":[],"acf":[],"_links":{"self":[{"href":"https:\/\/www.grandhotelmoriaz.com\/en\/wp-json\/wp\/v2\/pages\/1138"}],"collection":[{"href":"https:\/\/www.grandhotelmoriaz.com\/en\/wp-json\/wp\/v2\/pages"}],"about":[{"href":"https:\/\/www.grandhotelmoriaz.com\/en\/wp-json\/wp\/v2\/types\/page"}],"author":[{"embeddable":true,"href":"https:\/\/www.grandhotelmoriaz.com\/en\/wp-json\/wp\/v2\/users\/1"}],"replies":[{"embeddable":true,"href":"https:\/\/www.grandhotelmoriaz.com\/en\/wp-json\/wp\/v2\/comments?post=1138"}],"version-history":[{"count":6,"href":"https:\/\/www.grandhotelmoriaz.com\/en\/wp-json\/wp\/v2\/pages\/1138\/revisions"}],"predecessor-version":[{"id":3595,"href":"https:\/\/www.grandhotelmoriaz.com\/en\/wp-json\/wp\/v2\/pages\/1138\/revisions\/3595"}],"wp:featuredmedia":[{"embeddable":true,"href":"https:\/\/www.grandhotelmoriaz.com\/en\/wp-json\/wp\/v2\/media\/1987"}],"wp:attachment":[{"href":"https:\/\/www.grandhotelmoriaz.com\/en\/wp-json\/wp\/v2\/media?parent=1138"}],"curies":[{"name":"wp","href":"https:\/\/api.w.org\/{rel}","templated":true}]}}